{"id":22537,"date":"2024-11-22T11:27:33","date_gmt":"2024-11-22T11:27:33","guid":{"rendered":"https:\/\/csym.es\/novaweb\/?page_id=22537"},"modified":"2024-11-22T11:32:12","modified_gmt":"2024-11-22T11:32:12","slug":"csmday2024","status":"publish","type":"page","link":"https:\/\/csym.es\/novaweb\/csmday2024\/","title":{"rendered":"Convenci\u00f3 CSM Day 2024"},"content":{"rendered":"\t\t<div data-elementor-type=\"wp-page\" data-elementor-id=\"22537\" class=\"elementor elementor-22537\">\n\t\t\t\t\t\t<section class=\"elementor-section elementor-top-section elementor-element elementor-element-3b0f76b elementor-section-boxed elementor-section-height-default elementor-section-height-default parallax_section_no qode_elementor_container_no\" data-id=\"3b0f76b\" data-element_type=\"section\">\n\t\t\t\t\t\t<div class=\"elementor-container elementor-column-gap-default\">\n\t\t\t\t\t<div class=\"elementor-column elementor-col-100 elementor-top-column elementor-element elementor-element-d1d4d5a\" data-id=\"d1d4d5a\" data-element_type=\"column\">\n\t\t\t<div class=\"elementor-widget-wrap elementor-element-populated\">\n\t\t\t\t\t\t<div class=\"elementor-element elementor-element-f44c124 elementor-widget elementor-widget-image\" data-id=\"f44c124\" data-element_type=\"widget\" data-widget_type=\"image.default\">\n\t\t\t\t<div class=\"elementor-widget-container\">\n\t\t\t\t\t\t\t\t\t\t\t\t\t\t\t<img fetchpriority=\"high\" decoding=\"async\" width=\"1024\" height=\"512\" src=\"https:\/\/csym.es\/novaweb\/wp-content\/uploads\/2024\/11\/banner_formulari_web.jpg\" class=\"attachment-large size-large wp-image-22545\" alt=\"\" srcset=\"https:\/\/csym.es\/novaweb\/wp-content\/uploads\/2024\/11\/banner_formulari_web.jpg 1024w, https:\/\/csym.es\/novaweb\/wp-content\/uploads\/2024\/11\/banner_formulari_web-300x150.jpg 300w, https:\/\/csym.es\/novaweb\/wp-content\/uploads\/2024\/11\/banner_formulari_web-768x384.jpg 768w, https:\/\/csym.es\/novaweb\/wp-content\/uploads\/2024\/11\/banner_formulari_web-1000x500.jpg 1000w, https:\/\/csym.es\/novaweb\/wp-content\/uploads\/2024\/11\/banner_formulari_web-700x350.jpg 700w\" sizes=\"(max-width: 1024px) 100vw, 1024px\" \/>\t\t\t\t\t\t\t\t\t\t\t\t\t\t\t<\/div>\n\t\t\t\t<\/div>\n\t\t\t\t<div class=\"elementor-element elementor-element-013b21d elementor-widget elementor-widget-text-editor\" data-id=\"013b21d\" data-element_type=\"widget\" data-widget_type=\"text-editor.default\">\n\t\t\t\t<div class=\"elementor-widget-container\">\n\t\t\t\t\t\t\t\t\t<div class=\"wpcf7 no-js\" id=\"wpcf7-f22536-o1\" lang=\"es-ES\" dir=\"ltr\">\n<div class=\"screen-reader-response\"><p role=\"status\" aria-live=\"polite\" aria-atomic=\"true\"><\/p> <ul><\/ul><\/div>\n<form action=\"\/novaweb\/wp-json\/wp\/v2\/pages\/22537#wpcf7-f22536-o1\" method=\"post\" class=\"wpcf7-form init\" aria-label=\"Formulario de contacto\" novalidate=\"novalidate\" data-status=\"init\">\n<div style=\"display: none;\">\n<input type=\"hidden\" name=\"_wpcf7\" value=\"22536\" \/>\n<input type=\"hidden\" name=\"_wpcf7_version\" value=\"5.9.8\" \/>\n<input type=\"hidden\" name=\"_wpcf7_locale\" value=\"es_ES\" \/>\n<input type=\"hidden\" name=\"_wpcf7_unit_tag\" value=\"wpcf7-f22536-o1\" \/>\n<input type=\"hidden\" name=\"_wpcf7_container_post\" value=\"0\" \/>\n<input type=\"hidden\" name=\"_wpcf7_posted_data_hash\" value=\"\" \/>\n<input type=\"hidden\" name=\"_wpcf7_recaptcha_response\" value=\"\" \/>\n<\/div>\n<label>Nom i cognoms:\n    <span class=\"wpcf7-form-control-wrap\" data-name=\"your-name\"><input size=\"40\" maxlength=\"400\" class=\"wpcf7-form-control wpcf7-text wpcf7-validates-as-required\" aria-required=\"true\" aria-invalid=\"false\" value=\"\" type=\"text\" name=\"your-name\" \/><\/span> <\/label>\n\n<label> Nom de la farm\u00e0cia:\n    <span class=\"wpcf7-form-control-wrap\" data-name=\"your-name2\"><input size=\"40\" maxlength=\"400\" class=\"wpcf7-form-control wpcf7-text wpcf7-validates-as-required\" aria-required=\"true\" aria-invalid=\"false\" value=\"\" type=\"text\" name=\"your-name2\" \/><\/span> <\/label>\n\n<label> Tel\u00e8fon:\n   <span class=\"wpcf7-form-control-wrap\" data-name=\"telef\"><input size=\"40\" maxlength=\"400\" class=\"wpcf7-form-control wpcf7-tel wpcf7-validates-as-required wpcf7-text wpcf7-validates-as-tel\" aria-required=\"true\" aria-invalid=\"false\" value=\"\" type=\"tel\" name=\"telef\" \/><\/span> <\/label>\n<label> Email de contacte:\n    <span class=\"wpcf7-form-control-wrap\" data-name=\"your-email\"><input size=\"40\" maxlength=\"400\" class=\"wpcf7-form-control wpcf7-text wpcf7-validates-as-required\" aria-required=\"true\" aria-invalid=\"false\" value=\"\" type=\"text\" name=\"your-email\" \/><\/span> <\/label>\n\n<label> Servei o producte d&#8217;inter\u00e8s:\n<span class=\"wpcf7-form-control-wrap\" data-name=\"your-service\"><input size=\"40\" maxlength=\"400\" class=\"wpcf7-form-control wpcf7-text wpcf7-validates-as-required\" aria-required=\"true\" aria-invalid=\"false\" value=\"\" type=\"text\" name=\"your-service\" \/><\/span><\/label>\n\n<label> Missatge:\n<span class=\"wpcf7-form-control-wrap\" data-name=\"your-message\"><input size=\"40\" maxlength=\"400\" class=\"wpcf7-form-control wpcf7-text wpcf7-validates-as-required\" aria-required=\"true\" aria-invalid=\"false\" value=\"\" type=\"text\" name=\"your-message\" \/><\/span><\/label>\n\n<span class=\"wpcf7-form-control-wrap\" data-name=\"acceptance-966\"><span class=\"wpcf7-form-control wpcf7-acceptance\"><span class=\"wpcf7-list-item\"><input type=\"checkbox\" name=\"acceptance-966\" value=\"1\" aria-invalid=\"false\" \/><\/span><\/span><\/span> Accepto la <a href=\"politica-de-privacidad-2\/\" rel=\"noopener\" target=\"_blank\">pol\u00edtica de privacitat<\/a>\n\n<input class=\"wpcf7-form-control wpcf7-submit has-spinner\" type=\"submit\" value=\"Enviar\" \/><div class=\"wpcf7-response-output\" aria-hidden=\"true\"><\/div>\n<\/form>\n<\/div>\t\t\t\t\t\t\t\t<\/div>\n\t\t\t\t<\/div>\n\t\t\t\t\t<\/div>\n\t\t<\/div>\n\t\t\t\t\t<\/div>\n\t\t<\/section>\n\t\t\t\t<\/div>\n\t\t","protected":false},"excerpt":{"rendered":"Nom i cognoms: Nom de la farm\u00e0cia: Tel\u00e8fon: Email de contacte: Servei o producte d'inter\u00e8s: Missatge: Accepto la pol\u00edtica de privacitat","protected":false},"author":7,"featured_media":0,"parent":0,"menu_order":0,"comment_status":"closed","ping_status":"closed","template":"","meta":{"content-type":"","_exactmetrics_skip_tracking":false,"_exactmetrics_sitenote_active":false,"_exactmetrics_sitenote_note":"","_exactmetrics_sitenote_category":0,"_uf_show_specific_survey":0,"_uf_disable_surveys":false,"footnotes":"","_links_to":"","_links_to_target":""},"aioseo_notices":[],"yoast_head":"<!-- This site is optimized with the Yoast SEO plugin v24.5 - https:\/\/yoast.com\/wordpress\/plugins\/seo\/ -->\n<title>Convenci\u00f3 CSM Day 2024 - CS&amp;M Farmatic<\/title>\n<meta name=\"robots\" content=\"index, follow, max-snippet:-1, max-image-preview:large, max-video-preview:-1\" \/>\n<link rel=\"canonical\" href=\"https:\/\/csym.es\/novaweb\/csmday2024\/\" \/>\n<meta property=\"og:locale\" content=\"ca_ES\" \/>\n<meta property=\"og:type\" content=\"article\" \/>\n<meta property=\"og:title\" content=\"Convenci\u00f3 CSM Day 2024 - CS&amp;M Farmatic\" \/>\n<meta property=\"og:url\" content=\"https:\/\/csym.es\/novaweb\/csmday2024\/\" \/>\n<meta property=\"og:site_name\" content=\"CS&amp;M Farmatic\" \/>\n<meta property=\"article:modified_time\" content=\"2024-11-22T11:32:12+00:00\" \/>\n<meta property=\"og:image\" content=\"https:\/\/csym.es\/novaweb\/wp-content\/uploads\/2024\/11\/banner_formulari_web.jpg\" \/>\n\t<meta property=\"og:image:width\" content=\"1024\" \/>\n\t<meta property=\"og:image:height\" content=\"512\" \/>\n\t<meta property=\"og:image:type\" content=\"image\/jpeg\" \/>\n<meta name=\"twitter:card\" content=\"summary_large_image\" \/>\n<meta name=\"twitter:label1\" content=\"Temps estimat de lectura\" \/>\n\t<meta name=\"twitter:data1\" content=\"1 minut\" \/>\n<script type=\"application\/ld+json\" class=\"yoast-schema-graph\">{\"@context\":\"https:\/\/schema.org\",\"@graph\":[{\"@type\":\"WebPage\",\"@id\":\"https:\/\/csym.es\/novaweb\/csmday2024\/\",\"url\":\"https:\/\/csym.es\/novaweb\/csmday2024\/\",\"name\":\"Convenci\u00f3 CSM Day 2024 - CS&amp;M Farmatic\",\"isPartOf\":{\"@id\":\"https:\/\/csym.es\/novaweb\/#website\"},\"primaryImageOfPage\":{\"@id\":\"https:\/\/csym.es\/novaweb\/csmday2024\/#primaryimage\"},\"image\":{\"@id\":\"https:\/\/csym.es\/novaweb\/csmday2024\/#primaryimage\"},\"thumbnailUrl\":\"https:\/\/csym.es\/novaweb\/wp-content\/uploads\/2024\/11\/banner_formulari_web.jpg\",\"datePublished\":\"2024-11-22T11:27:33+00:00\",\"dateModified\":\"2024-11-22T11:32:12+00:00\",\"breadcrumb\":{\"@id\":\"https:\/\/csym.es\/novaweb\/csmday2024\/#breadcrumb\"},\"inLanguage\":\"ca\",\"potentialAction\":[{\"@type\":\"ReadAction\",\"target\":[\"https:\/\/csym.es\/novaweb\/csmday2024\/\"]}]},{\"@type\":\"ImageObject\",\"inLanguage\":\"ca\",\"@id\":\"https:\/\/csym.es\/novaweb\/csmday2024\/#primaryimage\",\"url\":\"https:\/\/csym.es\/novaweb\/wp-content\/uploads\/2024\/11\/banner_formulari_web.jpg\",\"contentUrl\":\"https:\/\/csym.es\/novaweb\/wp-content\/uploads\/2024\/11\/banner_formulari_web.jpg\",\"width\":1024,\"height\":512},{\"@type\":\"BreadcrumbList\",\"@id\":\"https:\/\/csym.es\/novaweb\/csmday2024\/#breadcrumb\",\"itemListElement\":[{\"@type\":\"ListItem\",\"position\":1,\"name\":\"Portada\",\"item\":\"https:\/\/csym.es\/novaweb\/\"},{\"@type\":\"ListItem\",\"position\":2,\"name\":\"Convenci\u00f3 CSM Day 2024\"}]},{\"@type\":\"WebSite\",\"@id\":\"https:\/\/csym.es\/novaweb\/#website\",\"url\":\"https:\/\/csym.es\/novaweb\/\",\"name\":\"CS&amp;M Farmatic\",\"description\":\"Farmatic - CS&amp;M\",\"potentialAction\":[{\"@type\":\"SearchAction\",\"target\":{\"@type\":\"EntryPoint\",\"urlTemplate\":\"https:\/\/csym.es\/novaweb\/?s={search_term_string}\"},\"query-input\":{\"@type\":\"PropertyValueSpecification\",\"valueRequired\":true,\"valueName\":\"search_term_string\"}}],\"inLanguage\":\"ca\"}]}<\/script>\n<!-- \/ Yoast SEO plugin. -->","yoast_head_json":{"title":"Convenci\u00f3 CSM Day 2024 - CS&amp;M Farmatic","robots":{"index":"index","follow":"follow","max-snippet":"max-snippet:-1","max-image-preview":"max-image-preview:large","max-video-preview":"max-video-preview:-1"},"canonical":"https:\/\/csym.es\/novaweb\/csmday2024\/","og_locale":"ca_ES","og_type":"article","og_title":"Convenci\u00f3 CSM Day 2024 - CS&amp;M Farmatic","og_url":"https:\/\/csym.es\/novaweb\/csmday2024\/","og_site_name":"CS&amp;M Farmatic","article_modified_time":"2024-11-22T11:32:12+00:00","og_image":[{"width":1024,"height":512,"url":"https:\/\/csym.es\/novaweb\/wp-content\/uploads\/2024\/11\/banner_formulari_web.jpg","type":"image\/jpeg"}],"twitter_card":"summary_large_image","twitter_misc":{"Temps estimat de lectura":"1 minut"},"schema":{"@context":"https:\/\/schema.org","@graph":[{"@type":"WebPage","@id":"https:\/\/csym.es\/novaweb\/csmday2024\/","url":"https:\/\/csym.es\/novaweb\/csmday2024\/","name":"Convenci\u00f3 CSM Day 2024 - CS&amp;M Farmatic","isPartOf":{"@id":"https:\/\/csym.es\/novaweb\/#website"},"primaryImageOfPage":{"@id":"https:\/\/csym.es\/novaweb\/csmday2024\/#primaryimage"},"image":{"@id":"https:\/\/csym.es\/novaweb\/csmday2024\/#primaryimage"},"thumbnailUrl":"https:\/\/csym.es\/novaweb\/wp-content\/uploads\/2024\/11\/banner_formulari_web.jpg","datePublished":"2024-11-22T11:27:33+00:00","dateModified":"2024-11-22T11:32:12+00:00","breadcrumb":{"@id":"https:\/\/csym.es\/novaweb\/csmday2024\/#breadcrumb"},"inLanguage":"ca","potentialAction":[{"@type":"ReadAction","target":["https:\/\/csym.es\/novaweb\/csmday2024\/"]}]},{"@type":"ImageObject","inLanguage":"ca","@id":"https:\/\/csym.es\/novaweb\/csmday2024\/#primaryimage","url":"https:\/\/csym.es\/novaweb\/wp-content\/uploads\/2024\/11\/banner_formulari_web.jpg","contentUrl":"https:\/\/csym.es\/novaweb\/wp-content\/uploads\/2024\/11\/banner_formulari_web.jpg","width":1024,"height":512},{"@type":"BreadcrumbList","@id":"https:\/\/csym.es\/novaweb\/csmday2024\/#breadcrumb","itemListElement":[{"@type":"ListItem","position":1,"name":"Portada","item":"https:\/\/csym.es\/novaweb\/"},{"@type":"ListItem","position":2,"name":"Convenci\u00f3 CSM Day 2024"}]},{"@type":"WebSite","@id":"https:\/\/csym.es\/novaweb\/#website","url":"https:\/\/csym.es\/novaweb\/","name":"CS&amp;M Farmatic","description":"Farmatic - CS&amp;M","potentialAction":[{"@type":"SearchAction","target":{"@type":"EntryPoint","urlTemplate":"https:\/\/csym.es\/novaweb\/?s={search_term_string}"},"query-input":{"@type":"PropertyValueSpecification","valueRequired":true,"valueName":"search_term_string"}}],"inLanguage":"ca"}]}},"_links":{"self":[{"href":"https:\/\/csym.es\/novaweb\/wp-json\/wp\/v2\/pages\/22537"}],"collection":[{"href":"https:\/\/csym.es\/novaweb\/wp-json\/wp\/v2\/pages"}],"about":[{"href":"https:\/\/csym.es\/novaweb\/wp-json\/wp\/v2\/types\/page"}],"author":[{"embeddable":true,"href":"https:\/\/csym.es\/novaweb\/wp-json\/wp\/v2\/users\/7"}],"replies":[{"embeddable":true,"href":"https:\/\/csym.es\/novaweb\/wp-json\/wp\/v2\/comments?post=22537"}],"version-history":[{"count":10,"href":"https:\/\/csym.es\/novaweb\/wp-json\/wp\/v2\/pages\/22537\/revisions"}],"predecessor-version":[{"id":22548,"href":"https:\/\/csym.es\/novaweb\/wp-json\/wp\/v2\/pages\/22537\/revisions\/22548"}],"wp:attachment":[{"href":"https:\/\/csym.es\/novaweb\/wp-json\/wp\/v2\/media?parent=22537"}],"curies":[{"name":"wp","href":"https:\/\/api.w.org\/{rel}","templated":true}]}}