{"id":20530,"date":"2022-03-25T12:54:02","date_gmt":"2022-03-25T12:54:02","guid":{"rendered":"https:\/\/csym.es\/novaweb\/?page_id=20530"},"modified":"2024-02-28T09:40:22","modified_gmt":"2024-02-28T09:40:22","slug":"informacion-servicio-redes-sociales","status":"publish","type":"page","link":"https:\/\/csym.es\/novaweb\/informacion-servicio-redes-sociales\/","title":{"rendered":"informaci\u00f3n servicio redes sociales"},"content":{"rendered":"\t\t<div data-elementor-type=\"wp-page\" data-elementor-id=\"20530\" class=\"elementor elementor-20530\">\n\t\t\t\t\t\t<section class=\"elementor-section elementor-top-section elementor-element elementor-element-68cf2a4 elementor-section-boxed elementor-section-height-default elementor-section-height-default parallax_section_no qode_elementor_container_no\" data-id=\"68cf2a4\" data-element_type=\"section\">\n\t\t\t\t\t\t<div class=\"elementor-container elementor-column-gap-default\">\n\t\t\t\t\t<div class=\"elementor-column elementor-col-100 elementor-top-column elementor-element elementor-element-95f8deb\" data-id=\"95f8deb\" data-element_type=\"column\">\n\t\t\t<div class=\"elementor-widget-wrap elementor-element-populated\">\n\t\t\t\t\t\t<div class=\"elementor-element elementor-element-9baf8c8 elementor-widget elementor-widget-image\" data-id=\"9baf8c8\" data-element_type=\"widget\" data-widget_type=\"image.default\">\n\t\t\t\t<div class=\"elementor-widget-container\">\n\t\t\t\t\t\t\t\t\t\t\t\t\t\t\t<img fetchpriority=\"high\" decoding=\"async\" width=\"1024\" height=\"576\" src=\"https:\/\/csym.es\/novaweb\/wp-content\/uploads\/2022\/03\/Wallpapers-Community-1-1024x576.jpg\" class=\"attachment-large size-large wp-image-20532\" alt=\"\" srcset=\"https:\/\/csym.es\/novaweb\/wp-content\/uploads\/2022\/03\/Wallpapers-Community-1-1024x576.jpg 1024w, https:\/\/csym.es\/novaweb\/wp-content\/uploads\/2022\/03\/Wallpapers-Community-1-300x169.jpg 300w, https:\/\/csym.es\/novaweb\/wp-content\/uploads\/2022\/03\/Wallpapers-Community-1-768x432.jpg 768w, https:\/\/csym.es\/novaweb\/wp-content\/uploads\/2022\/03\/Wallpapers-Community-1-1536x864.jpg 1536w, https:\/\/csym.es\/novaweb\/wp-content\/uploads\/2022\/03\/Wallpapers-Community-1-2048x1152.jpg 2048w, https:\/\/csym.es\/novaweb\/wp-content\/uploads\/2022\/03\/Wallpapers-Community-1-700x394.jpg 700w, https:\/\/csym.es\/novaweb\/wp-content\/uploads\/2022\/03\/Wallpapers-Community-1-539x303.jpg 539w\" sizes=\"(max-width: 1024px) 100vw, 1024px\" \/>\t\t\t\t\t\t\t\t\t\t\t\t\t\t\t<\/div>\n\t\t\t\t<\/div>\n\t\t\t\t<div class=\"elementor-element elementor-element-a6a82ab elementor-widget elementor-widget-text-editor\" data-id=\"a6a82ab\" data-element_type=\"widget\" data-widget_type=\"text-editor.default\">\n\t\t\t\t<div class=\"elementor-widget-container\">\n\t\t\t\t\t\t\t\t\t<div class=\"wpcf7 no-js\" id=\"wpcf7-f21266-o1\" lang=\"es-ES\" dir=\"ltr\">\n<div class=\"screen-reader-response\"><p role=\"status\" aria-live=\"polite\" aria-atomic=\"true\"><\/p> <ul><\/ul><\/div>\n<form action=\"\/novaweb\/wp-json\/wp\/v2\/pages\/20530#wpcf7-f21266-o1\" method=\"post\" class=\"wpcf7-form init\" aria-label=\"Formulario de contacto\" novalidate=\"novalidate\" data-status=\"init\">\n<div style=\"display: none;\">\n<input type=\"hidden\" name=\"_wpcf7\" value=\"21266\" \/>\n<input type=\"hidden\" name=\"_wpcf7_version\" value=\"5.9.8\" \/>\n<input type=\"hidden\" name=\"_wpcf7_locale\" value=\"es_ES\" \/>\n<input type=\"hidden\" name=\"_wpcf7_unit_tag\" value=\"wpcf7-f21266-o1\" \/>\n<input type=\"hidden\" name=\"_wpcf7_container_post\" value=\"0\" \/>\n<input type=\"hidden\" name=\"_wpcf7_posted_data_hash\" value=\"\" \/>\n<input type=\"hidden\" name=\"_wpcf7_recaptcha_response\" value=\"\" \/>\n<\/div>\n<b> **Env\u00edanos un correo a  <u>marketing@csym.es<\/u> con el logo y las fotograf\u00edas de tu empresa** <\/b>\n\n<br>\n<b> <u> Informaci\u00f3n t\u00e9cnica <\/u> <\/b> \n\n<br>\n<label> Nombre de la farmacia:\n    <span class=\"wpcf7-form-control-wrap\" data-name=\"your-name2\"><input size=\"40\" maxlength=\"400\" class=\"wpcf7-form-control wpcf7-text wpcf7-validates-as-required\" aria-required=\"true\" aria-invalid=\"false\" value=\"\" type=\"text\" name=\"your-name2\" \/><\/span> <\/label>\n\n<label> Whatsapp m\u00f3vil de la persona encargada de la comunicaci\u00f3n\n   <span class=\"wpcf7-form-control-wrap\" data-name=\"telef\"><input size=\"40\" maxlength=\"400\" class=\"wpcf7-form-control wpcf7-tel wpcf7-validates-as-required wpcf7-text wpcf7-validates-as-tel\" aria-required=\"true\" aria-invalid=\"false\" value=\"\" type=\"tel\" name=\"telef\" \/><\/span> <\/label>\n<label> Tienes Gmail? (Si no, nosotros te daremos de alta)\n    <span class=\"wpcf7-form-control-wrap\" data-name=\"your-email\"><input size=\"40\" maxlength=\"400\" class=\"wpcf7-form-control wpcf7-text wpcf7-validates-as-required\" aria-required=\"true\" aria-invalid=\"false\" value=\"\" type=\"text\" name=\"your-email\" \/><\/span> <\/label>\n\n<label> Horarios de apertura, cierre y festivos\n    <span class=\"wpcf7-form-control-wrap\" data-name=\"your-horari\"><input size=\"40\" maxlength=\"400\" class=\"wpcf7-form-control wpcf7-text wpcf7-validates-as-required\" aria-required=\"true\" aria-invalid=\"false\" value=\"\" type=\"text\" name=\"your-horari\" \/><\/span> <\/label>\n\n<label> Geolocalizaci\u00f3n de la farmacia\n    <span class=\"wpcf7-form-control-wrap\" data-name=\"your-geo\"><input size=\"40\" maxlength=\"400\" class=\"wpcf7-form-control wpcf7-text wpcf7-validates-as-required\" aria-required=\"true\" aria-invalid=\"false\" value=\"\" type=\"text\" name=\"your-geo\" \/><\/span> <\/label>\n\n<label> Guardias de la farmacia\n<span class=\"wpcf7-form-control-wrap\" data-name=\"your-guardia\"><input size=\"40\" maxlength=\"400\" class=\"wpcf7-form-control wpcf7-text wpcf7-validates-as-required\" aria-required=\"true\" aria-invalid=\"false\" value=\"\" type=\"text\" name=\"your-guardia\" \/><\/span><\/label>\n\n<label> Servicios especializados de la farmacia\n<span class=\"wpcf7-form-control-wrap\" data-name=\"your-serveis\"><input size=\"40\" maxlength=\"400\" class=\"wpcf7-form-control wpcf7-text wpcf7-validates-as-required\" aria-required=\"true\" aria-invalid=\"false\" value=\"\" type=\"text\" name=\"your-serveis\" \/><\/span><\/label>\n\n<b> <u>Descripci\u00f3n corporativa <\/u> <\/b>\n<br>\n<label> Descripci\u00f3n personalizada de la farmacia\n<span class=\"wpcf7-form-control-wrap\" data-name=\"your-descripcio\"><input size=\"40\" maxlength=\"400\" class=\"wpcf7-form-control wpcf7-text wpcf7-validates-as-required\" aria-required=\"true\" aria-invalid=\"false\" value=\"\" type=\"text\" name=\"your-descripcio\" \/><\/span><\/label>\n\n<label> Tipos de clientes de tu farmacia\n<span class=\"wpcf7-form-control-wrap\" data-name=\"your-tipusclient\"><input size=\"40\" maxlength=\"400\" class=\"wpcf7-form-control wpcf7-text wpcf7-validates-as-required\" aria-required=\"true\" aria-invalid=\"false\" value=\"\" type=\"text\" name=\"your-tipusclient\" \/><\/span><\/label>\n\n<label> P\u00e1gina web\n<span class=\"wpcf7-form-control-wrap\" data-name=\"your-web\"><input size=\"40\" maxlength=\"400\" class=\"wpcf7-form-control wpcf7-text wpcf7-validates-as-required\" aria-required=\"true\" aria-invalid=\"false\" value=\"\" type=\"text\" name=\"your-web\" \/><\/span><\/label>\n\n<label> Blog (en caso de que haya)\n<span class=\"wpcf7-form-control-wrap\" data-name=\"your-blog\"><input size=\"40\" maxlength=\"400\" class=\"wpcf7-form-control wpcf7-text wpcf7-validates-as-required\" aria-required=\"true\" aria-invalid=\"false\" value=\"\" type=\"text\" name=\"your-blog\" \/><\/span><\/label>\n\n<label> Qu\u00e9 farmacias tienes como referencia o te gustan?\n<span class=\"wpcf7-form-control-wrap\" data-name=\"your-blog\"><input size=\"40\" maxlength=\"400\" class=\"wpcf7-form-control wpcf7-text wpcf7-validates-as-required\" aria-required=\"true\" aria-invalid=\"false\" value=\"\" type=\"text\" name=\"your-blog\" \/><\/span><\/label>\n\n<label> Tienes pantallas digitales?\n<span class=\"wpcf7-form-control-wrap\" data-name=\"your-message\"><input size=\"40\" maxlength=\"400\" class=\"wpcf7-form-control wpcf7-text wpcf7-validates-as-required\" aria-required=\"true\" aria-invalid=\"false\" value=\"\" type=\"text\" name=\"your-message\" \/><\/span><\/label>\n\n<label> Tienes CSYM Connect?\n<span class=\"wpcf7-form-control-wrap\" data-name=\"your-csymconnect\"><input size=\"40\" maxlength=\"400\" class=\"wpcf7-form-control wpcf7-text wpcf7-validates-as-required\" aria-required=\"true\" aria-invalid=\"false\" value=\"\" type=\"text\" name=\"your-csymconnect\" \/><\/span><\/label>\n\n<label> Nombra los productos y servicios que tengas de CSYM Farmatic\n<span class=\"wpcf7-form-control-wrap\" data-name=\"your-serveisactius\"><input size=\"40\" maxlength=\"400\" class=\"wpcf7-form-control wpcf7-text wpcf7-validates-as-required\" aria-required=\"true\" aria-invalid=\"false\" value=\"\" type=\"text\" name=\"your-serveisactius\" \/><\/span><\/label>\n\n<label> Link de tus redes sociales (en el caso de que las tengas)\n<span class=\"wpcf7-form-control-wrap\" data-name=\"your-xarxes\"><input size=\"40\" maxlength=\"400\" class=\"wpcf7-form-control wpcf7-text wpcf7-validates-as-required\" aria-required=\"true\" aria-invalid=\"false\" value=\"\" type=\"text\" name=\"your-xarxes\" \/><\/span><\/label>\n\n\n<span class=\"wpcf7-form-control-wrap\" data-name=\"acceptance-966\"><span class=\"wpcf7-form-control wpcf7-acceptance\"><span class=\"wpcf7-list-item\"><input type=\"checkbox\" name=\"acceptance-966\" value=\"1\" aria-invalid=\"false\" \/><\/span><\/span><\/span> Accepto la <a href=\"politica-de-privacidad-2\/\" rel=\"noopener\" target=\"_blank\">pol\u00edtica de privacitat<\/a>\n\n<input class=\"wpcf7-form-control wpcf7-submit has-spinner\" type=\"submit\" value=\"Enviar\" \/><div class=\"wpcf7-response-output\" aria-hidden=\"true\"><\/div>\n<\/form>\n<\/div>\t\t\t\t\t\t\t\t<\/div>\n\t\t\t\t<\/div>\n\t\t\t\t\t<\/div>\n\t\t<\/div>\n\t\t\t\t\t<\/div>\n\t\t<\/section>\n\t\t\t\t<\/div>\n\t\t","protected":false},"excerpt":{"rendered":"**Env\u00edanos un correo a marketing@csym.es con el logo y las fotograf\u00edas de tu empresa** Informaci\u00f3n t\u00e9cnica Nombre de la farmacia: Whatsapp m\u00f3vil de la persona encargada de la comunicaci\u00f3n Tienes Gmail? (Si no, nosotros te daremos de alta) Horarios de apertura, cierre y festivos Geolocalizaci\u00f3n...","protected":false},"author":7,"featured_media":0,"parent":0,"menu_order":0,"comment_status":"closed","ping_status":"closed","template":"","meta":{"content-type":"","_exactmetrics_skip_tracking":false,"_exactmetrics_sitenote_active":false,"_exactmetrics_sitenote_note":"","_exactmetrics_sitenote_category":0,"_uf_show_specific_survey":0,"_uf_disable_surveys":false,"footnotes":"","_links_to":"","_links_to_target":""},"aioseo_notices":[],"yoast_head":"<!-- This site is optimized with the Yoast SEO plugin v24.5 - https:\/\/yoast.com\/wordpress\/plugins\/seo\/ -->\n<title>informaci\u00f3n servicio redes sociales - CS&amp;M Farmatic<\/title>\n<meta name=\"robots\" content=\"index, follow, max-snippet:-1, max-image-preview:large, max-video-preview:-1\" \/>\n<link rel=\"canonical\" href=\"https:\/\/csym.es\/novaweb\/informacion-servicio-redes-sociales\/\" \/>\n<meta property=\"og:locale\" content=\"ca_ES\" \/>\n<meta property=\"og:type\" content=\"article\" \/>\n<meta property=\"og:title\" content=\"informaci\u00f3n servicio redes sociales - CS&amp;M Farmatic\" \/>\n<meta property=\"og:url\" content=\"https:\/\/csym.es\/novaweb\/informacion-servicio-redes-sociales\/\" \/>\n<meta property=\"og:site_name\" content=\"CS&amp;M Farmatic\" \/>\n<meta property=\"article:modified_time\" content=\"2024-02-28T09:40:22+00:00\" \/>\n<meta property=\"og:image\" content=\"https:\/\/csym.es\/novaweb\/wp-content\/uploads\/2022\/03\/Wallpapers-Community-1-1024x576.jpg\" \/>\n<meta name=\"twitter:card\" content=\"summary_large_image\" \/>\n<meta name=\"twitter:label1\" content=\"Temps estimat de lectura\" \/>\n\t<meta name=\"twitter:data1\" content=\"1 minut\" \/>\n<script type=\"application\/ld+json\" class=\"yoast-schema-graph\">{\"@context\":\"https:\/\/schema.org\",\"@graph\":[{\"@type\":\"WebPage\",\"@id\":\"https:\/\/csym.es\/novaweb\/informacion-servicio-redes-sociales\/\",\"url\":\"https:\/\/csym.es\/novaweb\/informacion-servicio-redes-sociales\/\",\"name\":\"informaci\u00f3n servicio redes sociales - CS&amp;M Farmatic\",\"isPartOf\":{\"@id\":\"https:\/\/csym.es\/novaweb\/#website\"},\"primaryImageOfPage\":{\"@id\":\"https:\/\/csym.es\/novaweb\/informacion-servicio-redes-sociales\/#primaryimage\"},\"image\":{\"@id\":\"https:\/\/csym.es\/novaweb\/informacion-servicio-redes-sociales\/#primaryimage\"},\"thumbnailUrl\":\"https:\/\/csym.es\/novaweb\/wp-content\/uploads\/2022\/03\/Wallpapers-Community-1-1024x576.jpg\",\"datePublished\":\"2022-03-25T12:54:02+00:00\",\"dateModified\":\"2024-02-28T09:40:22+00:00\",\"breadcrumb\":{\"@id\":\"https:\/\/csym.es\/novaweb\/informacion-servicio-redes-sociales\/#breadcrumb\"},\"inLanguage\":\"ca\",\"potentialAction\":[{\"@type\":\"ReadAction\",\"target\":[\"https:\/\/csym.es\/novaweb\/informacion-servicio-redes-sociales\/\"]}]},{\"@type\":\"ImageObject\",\"inLanguage\":\"ca\",\"@id\":\"https:\/\/csym.es\/novaweb\/informacion-servicio-redes-sociales\/#primaryimage\",\"url\":\"https:\/\/csym.es\/novaweb\/wp-content\/uploads\/2022\/03\/Wallpapers-Community-1-scaled.jpg\",\"contentUrl\":\"https:\/\/csym.es\/novaweb\/wp-content\/uploads\/2022\/03\/Wallpapers-Community-1-scaled.jpg\",\"width\":2560,\"height\":1440},{\"@type\":\"BreadcrumbList\",\"@id\":\"https:\/\/csym.es\/novaweb\/informacion-servicio-redes-sociales\/#breadcrumb\",\"itemListElement\":[{\"@type\":\"ListItem\",\"position\":1,\"name\":\"Portada\",\"item\":\"https:\/\/csym.es\/novaweb\/\"},{\"@type\":\"ListItem\",\"position\":2,\"name\":\"informaci\u00f3n servicio redes sociales\"}]},{\"@type\":\"WebSite\",\"@id\":\"https:\/\/csym.es\/novaweb\/#website\",\"url\":\"https:\/\/csym.es\/novaweb\/\",\"name\":\"CS&amp;M Farmatic\",\"description\":\"Farmatic - CS&amp;M\",\"potentialAction\":[{\"@type\":\"SearchAction\",\"target\":{\"@type\":\"EntryPoint\",\"urlTemplate\":\"https:\/\/csym.es\/novaweb\/?s={search_term_string}\"},\"query-input\":{\"@type\":\"PropertyValueSpecification\",\"valueRequired\":true,\"valueName\":\"search_term_string\"}}],\"inLanguage\":\"ca\"}]}<\/script>\n<!-- \/ Yoast SEO plugin. -->","yoast_head_json":{"title":"informaci\u00f3n servicio redes sociales - CS&amp;M Farmatic","robots":{"index":"index","follow":"follow","max-snippet":"max-snippet:-1","max-image-preview":"max-image-preview:large","max-video-preview":"max-video-preview:-1"},"canonical":"https:\/\/csym.es\/novaweb\/informacion-servicio-redes-sociales\/","og_locale":"ca_ES","og_type":"article","og_title":"informaci\u00f3n servicio redes sociales - CS&amp;M Farmatic","og_url":"https:\/\/csym.es\/novaweb\/informacion-servicio-redes-sociales\/","og_site_name":"CS&amp;M Farmatic","article_modified_time":"2024-02-28T09:40:22+00:00","og_image":[{"url":"https:\/\/csym.es\/novaweb\/wp-content\/uploads\/2022\/03\/Wallpapers-Community-1-1024x576.jpg","type":"","width":"","height":""}],"twitter_card":"summary_large_image","twitter_misc":{"Temps estimat de lectura":"1 minut"},"schema":{"@context":"https:\/\/schema.org","@graph":[{"@type":"WebPage","@id":"https:\/\/csym.es\/novaweb\/informacion-servicio-redes-sociales\/","url":"https:\/\/csym.es\/novaweb\/informacion-servicio-redes-sociales\/","name":"informaci\u00f3n servicio redes sociales - CS&amp;M Farmatic","isPartOf":{"@id":"https:\/\/csym.es\/novaweb\/#website"},"primaryImageOfPage":{"@id":"https:\/\/csym.es\/novaweb\/informacion-servicio-redes-sociales\/#primaryimage"},"image":{"@id":"https:\/\/csym.es\/novaweb\/informacion-servicio-redes-sociales\/#primaryimage"},"thumbnailUrl":"https:\/\/csym.es\/novaweb\/wp-content\/uploads\/2022\/03\/Wallpapers-Community-1-1024x576.jpg","datePublished":"2022-03-25T12:54:02+00:00","dateModified":"2024-02-28T09:40:22+00:00","breadcrumb":{"@id":"https:\/\/csym.es\/novaweb\/informacion-servicio-redes-sociales\/#breadcrumb"},"inLanguage":"ca","potentialAction":[{"@type":"ReadAction","target":["https:\/\/csym.es\/novaweb\/informacion-servicio-redes-sociales\/"]}]},{"@type":"ImageObject","inLanguage":"ca","@id":"https:\/\/csym.es\/novaweb\/informacion-servicio-redes-sociales\/#primaryimage","url":"https:\/\/csym.es\/novaweb\/wp-content\/uploads\/2022\/03\/Wallpapers-Community-1-scaled.jpg","contentUrl":"https:\/\/csym.es\/novaweb\/wp-content\/uploads\/2022\/03\/Wallpapers-Community-1-scaled.jpg","width":2560,"height":1440},{"@type":"BreadcrumbList","@id":"https:\/\/csym.es\/novaweb\/informacion-servicio-redes-sociales\/#breadcrumb","itemListElement":[{"@type":"ListItem","position":1,"name":"Portada","item":"https:\/\/csym.es\/novaweb\/"},{"@type":"ListItem","position":2,"name":"informaci\u00f3n servicio redes sociales"}]},{"@type":"WebSite","@id":"https:\/\/csym.es\/novaweb\/#website","url":"https:\/\/csym.es\/novaweb\/","name":"CS&amp;M Farmatic","description":"Farmatic - CS&amp;M","potentialAction":[{"@type":"SearchAction","target":{"@type":"EntryPoint","urlTemplate":"https:\/\/csym.es\/novaweb\/?s={search_term_string}"},"query-input":{"@type":"PropertyValueSpecification","valueRequired":true,"valueName":"search_term_string"}}],"inLanguage":"ca"}]}},"_links":{"self":[{"href":"https:\/\/csym.es\/novaweb\/wp-json\/wp\/v2\/pages\/20530"}],"collection":[{"href":"https:\/\/csym.es\/novaweb\/wp-json\/wp\/v2\/pages"}],"about":[{"href":"https:\/\/csym.es\/novaweb\/wp-json\/wp\/v2\/types\/page"}],"author":[{"embeddable":true,"href":"https:\/\/csym.es\/novaweb\/wp-json\/wp\/v2\/users\/7"}],"replies":[{"embeddable":true,"href":"https:\/\/csym.es\/novaweb\/wp-json\/wp\/v2\/comments?post=20530"}],"version-history":[{"count":9,"href":"https:\/\/csym.es\/novaweb\/wp-json\/wp\/v2\/pages\/20530\/revisions"}],"predecessor-version":[{"id":21575,"href":"https:\/\/csym.es\/novaweb\/wp-json\/wp\/v2\/pages\/20530\/revisions\/21575"}],"wp:attachment":[{"href":"https:\/\/csym.es\/novaweb\/wp-json\/wp\/v2\/media?parent=20530"}],"curies":[{"name":"wp","href":"https:\/\/api.w.org\/{rel}","templated":true}]}}