{"id":16874,"date":"2019-01-04T12:54:56","date_gmt":"2019-01-04T12:54:56","guid":{"rendered":"https:\/\/csym.es\/?page_id=16874"},"modified":"2024-07-18T11:01:43","modified_gmt":"2024-07-18T11:01:43","slug":"sistemes-csym","status":"publish","type":"page","link":"https:\/\/csym.es\/novaweb\/sistemes-csym\/","title":{"rendered":"Sistemes"},"content":{"rendered":"<div class=\"wpb-content-wrapper\">\t\t<div data-elementor-type=\"wp-page\" data-elementor-id=\"16874\" class=\"elementor elementor-16874\">\n\t\t\t\t\t\t<section class=\"elementor-section elementor-top-section elementor-element elementor-element-4de6114e elementor-section-boxed elementor-section-height-default elementor-section-height-default parallax_section_no qode_elementor_container_no\" data-id=\"4de6114e\" data-element_type=\"section\">\n\t\t\t\t\t\t<div class=\"elementor-container elementor-column-gap-default\">\n\t\t\t\t\t<div class=\"elementor-column elementor-col-100 elementor-top-column elementor-element elementor-element-4ea68b91\" data-id=\"4ea68b91\" data-element_type=\"column\">\n\t\t\t<div class=\"elementor-widget-wrap elementor-element-populated\">\n\t\t\t\t\t\t<div class=\"elementor-element elementor-element-7e943058 elementor-widget elementor-widget-text-editor\" data-id=\"7e943058\" data-element_type=\"widget\" data-widget_type=\"text-editor.default\">\n\t\t\t\t<div class=\"elementor-widget-container\">\n\t\t\t\t\t\t\t\t\t<p>[vc_row css_animation=&#8221;&#8221; row_type=&#8221;row&#8221; use_row_as_full_screen_section=&#8221;no&#8221; type=&#8221;grid&#8221; angled_section=&#8221;no&#8221; text_align=&#8221;right&#8221; background_image_as_pattern=&#8221;without_pattern&#8221; z_index=&#8221;&#8221;][vc_column][vc_empty_space height=&#8221;75&#8243;][vc_column_text]<\/p><h1 style=\"text-align: right;\">SISTEMES<\/h1><p>[\/vc_column_text][\/vc_column][\/vc_row][vc_row css_animation=&#8221;&#8221; row_type=&#8221;row&#8221; use_row_as_full_screen_section=&#8221;no&#8221; type=&#8221;grid&#8221; angled_section=&#8221;no&#8221; text_align=&#8221;left&#8221; background_image_as_pattern=&#8221;without_pattern&#8221; background_color=&#8221;#ffffff&#8221; padding_top=&#8221;50&#8243; padding_bottom=&#8221;95&#8243; z_index=&#8221;&#8221; css=&#8221;.vc_custom_1522178235244{margin-bottom: 55px !important;}&#8221;][vc_column width=&#8221;1\/3&#8243;]<div class=\"image_with_text\"><img decoding=\"async\" itemprop=\"image\" src=\"https:\/\/csym.es\/novaweb\/wp-content\/uploads\/2018\/06\/farmatic-2.jpg\" alt=\"Farmatic Windows\" \/><h3  class=\"image_with_text_title\">Farmatic Windows<\/h3><span style=\"margin: 6px 0px;\" class=\"separator transparent\"><\/span><\/p><p style=\"text-align: justify;\">La soluci\u00f3 m\u00e9s completa per a la gesti\u00f3 de l&#8217;oficina de farm\u00e0cia. Farmatic Windows ajuda al farmac\u00e8utic a gestionar les vendes donant un servei professional als seus clients.<\/p><p><\/div>[vc_empty_space height=&#8221;12px&#8221;]<a  itemprop=\"url\" href=\"farmatic-windows\/\" target=\"_self\"  class=\"qbutton  medium right default\" style=\"\">veure m\u00e9s<\/a>[vc_empty_space][vc_separator type=&#8221;normal&#8221; color=&#8221;#cecece&#8221;][vc_empty_space]<div class=\"image_with_text\"><img decoding=\"async\" itemprop=\"image\" src=\"https:\/\/csym.es\/novaweb\/wp-content\/uploads\/2019\/11\/Cocoprice2-2-1.png\" alt=\"Lector de preus\" \/><h3  class=\"image_with_text_title\">Lector de preus<\/h3><span style=\"margin: 6px 0px;\" class=\"separator transparent\"><\/span><\/p><p style=\"text-align: justify;\">El lector de preus \u00e9s un esc\u00e0ner que mitjan\u00e7ant la lectura del codi de barres de l\u2019article, permet visualitzar la descripci\u00f3 i el preu dels articles de la farm\u00e0cia al moment.<\/p><p><\/div>[vc_empty_space height=&#8221;12px&#8221;]<a  itemprop=\"url\" href=\"lectors-de-preus\/\" target=\"_self\"  class=\"qbutton  medium right default\" style=\"\">veure m\u00e9s<\/a>[vc_empty_space][vc_separator type=&#8221;normal&#8221; color=&#8221;#cecece&#8221;][vc_empty_space]<div class=\"image_with_text\"><img decoding=\"async\" itemprop=\"image\" src=\"https:\/\/csym.es\/novaweb\/wp-content\/uploads\/2021\/10\/ciberseguretat.jpg\" alt=\"Ciberseguretat\" \/><h3  class=\"image_with_text_title\">Ciberseguretat<\/h3><span style=\"margin: 6px 0px;\" class=\"separator transparent\"><\/span><\/p><p style=\"text-align: justify;\">Protegim la SALUT de la teva farm\u00e0cia. El nostre objectiu \u00e9s protegir i garantizar la seguretat i la continu\u00eftat del seu negoci, analitzar els seus actius f\u00edsics i l\u00f2gics davant d\u2019atacs de ciberlinq\u00fcents o\u00a0\u00a0 errades humanes.<\/p><p><\/div>[vc_empty_space height=&#8221;12px&#8221;]<a  itemprop=\"url\" href=\"ciberseguretat\/\" target=\"_self\"  class=\"qbutton  medium right default\" style=\"\">veure m\u00e9s<\/a>[\/vc_column][vc_column width=&#8221;1\/3&#8243;]<div class=\"image_with_text\"><img decoding=\"async\" itemprop=\"image\" src=\"https:\/\/csym.es\/novaweb\/wp-content\/uploads\/2018\/04\/CASHFARMA.jpg\" alt=\"Cashfarma\" \/><h3  class=\"image_with_text_title\">Cashfarma<\/h3><span style=\"margin: 6px 0px;\" class=\"separator transparent\"><\/span><\/p><p style=\"text-align: justify;\">Cash farma \u00e9s un calaix intel\u00b7ligent totalment integrat amb Farmatic, compost per dos m\u00f2duls recicladors per al canvi i dos cassetes de seguretat per la posterior retirada d\u2019efectiu.<\/p><p><\/div>[vc_empty_space height=&#8221;12px&#8221;]<a  itemprop=\"url\" href=\"cash-farma\/\" target=\"_self\"  class=\"qbutton  medium right default\" style=\"\">veure m\u00e9s<\/a>[vc_empty_space][vc_separator type=&#8221;normal&#8221; color=&#8221;#cecece&#8221;][vc_empty_space]<div class=\"image_with_text\"><img decoding=\"async\" itemprop=\"image\" src=\"https:\/\/csym.es\/novaweb\/wp-content\/uploads\/2018\/04\/SEGURETAT-DADES.jpg\" alt=\"Seguretat de dades\" \/><h3  class=\"image_with_text_title\">Seguretat de dades<\/h3><span style=\"margin: 6px 0px;\" class=\"separator transparent\"><\/span><\/p><p style=\"text-align: justify;\">El servei de backup online de CS&amp;M Farmatic \u00e9s un sistema de c\u00f2pies de seguretat, que de forma autom\u00e0tica s\u2019emmagatzemen al n\u00favol virtual, prevenint virus i altres atacs.<\/p><p><\/div>[vc_empty_space height=&#8221;12px&#8221;]<a  itemprop=\"url\" href=\"seguretat-de-dades\/\" target=\"_self\"  class=\"qbutton  medium right default\" style=\"\">veure m\u00e9s<\/a>[vc_empty_space][vc_separator type=&#8221;normal&#8221; color=&#8221;#cecece&#8221;][vc_empty_space]<div class=\"image_with_text\"><img decoding=\"async\" itemprop=\"image\" src=\"https:\/\/csym.es\/novaweb\/wp-content\/uploads\/2021\/10\/dualblist.jpg\" alt=\"Dualblist\" \/><h3  class=\"image_with_text_title\">Dualblist<\/h3><span style=\"margin: 6px 0px;\" class=\"separator transparent\"><\/span><\/p><p style=\"text-align: justify;\">Dualblist es tracta d&#8217;una m\u00e0quina de dosatge de medicaments amb la finalitat d&#8217;ajudar el pacient a seguir el seu tractament, organitzant-li la seva medicaci\u00f3 per dies i preses per a un temps determinat.<\/p><p><\/div>[vc_empty_space height=&#8221;12px&#8221;]<a  itemprop=\"url\" href=\"dualblist\/\" target=\"_self\"  class=\"qbutton  medium right default\" style=\"\">veure m\u00e9s<\/a>[\/vc_column][vc_column width=&#8221;1\/3&#8243;]<div class=\"image_with_text\"><img decoding=\"async\" itemprop=\"image\" src=\"https:\/\/csym.es\/novaweb\/wp-content\/uploads\/2021\/07\/foto_web.jpg\" alt=\"Clickfarma Task\" \/><h3  class=\"image_with_text_title\">Clickfarma Task<\/h3><span style=\"margin: 6px 0px;\" class=\"separator transparent\"><\/span><\/p><p style=\"text-align: justify;\">Aplicaci\u00f3 per realitzar inventaris, ajustar estocs entre magatzems, modificaci\u00f3 de m\u00ednims i m\u00e0xims, dates de caducitat i fer llistat d&#8217;etiquetes des del lineal.<\/p><p><\/div>[vc_empty_space height=&#8221;12px&#8221;]<a  itemprop=\"url\" href=\"https:\/\/csym.es\/novaweb\/clickfarmatask\/\" target=\"_self\"  class=\"qbutton  medium right default\" style=\"\">veure m\u00e9s<\/a>[vc_empty_space][vc_separator type=&#8221;normal&#8221; color=&#8221;#cecece&#8221;][vc_empty_space]<div class=\"image_with_text\"><img decoding=\"async\" itemprop=\"image\" src=\"https:\/\/csym.es\/novaweb\/wp-content\/uploads\/2018\/04\/VIDEOVIGILA\u0300NCIA.jpg\" alt=\"Videovigil\u00e0ncia\" \/><h3  class=\"image_with_text_title\">Videovigil\u00e0ncia<\/h3><span style=\"margin: 6px 0px;\" class=\"separator transparent\"><\/span><\/p><p style=\"text-align: justify;\">S\u00f3n sistemes de gravaci\u00f3 de c\u00e0meres en alta qualitat i en circuit tancat que connectats a un gravador, permeten la filmaci\u00f3 i control de successos a la farm\u00e0cia.<\/p><p><\/div>[vc_empty_space height=&#8221;12px&#8221;]<a id=\"https:\/\/csym.es\/novaweb\/sistemes-de-videovigilancia-2\/\" itemprop=\"url\" href=\"https:\/\/csym.es\/novaweb\/sistemes-de-videovigilancia-2\/\" target=\"_self\"  class=\"qbutton  medium right default\" style=\"\">veure m\u00e9s<\/a>[vc_empty_space][vc_separator type=&#8221;normal&#8221; color=&#8221;#cecece&#8221;][vc_empty_space]<div class=\"image_with_text\"><img decoding=\"async\" itemprop=\"image\" src=\"https:\/\/csym.es\/novaweb\/wp-content\/uploads\/2023\/01\/logo_fondo_transparente.png\" alt=\"Clickfarma Sensor\" \/><h3  class=\"image_with_text_title\">Clickfarma Sensor<\/h3><span style=\"margin: 6px 0px;\" class=\"separator transparent\"><\/span><\/p><p style=\"text-align: justify;\">Clickfarma Sensor \u00e9s un servei que consta d\u2019uns sensors que controlen la temperatura, humitat i lluminositat de la teva farm\u00e0cia. Funcionen parametritza\u2019n els valors num\u00e8rics als sensors on a trav\u00e9s d\u2019alarmes amb notificacions al mail, ens indicar\u00e0 si en algun moment baixa o puja fora dels par\u00e0metres indicats.<\/p><p><\/div>[vc_empty_space height=&#8221;12px&#8221;]<a  itemprop=\"url\" href=\"clickfarma-sensor\/\" target=\"_self\"  class=\"qbutton  medium right default\" style=\"\">veure m\u00e9s<\/a>[\/vc_column][\/vc_row]<\/p>\t\t\t\t\t\t\t\t<\/div>\n\t\t\t\t<\/div>\n\t\t\t\t\t<\/div>\n\t\t<\/div>\n\t\t\t\t\t<\/div>\n\t\t<\/section>\n\t\t\t\t<\/div>\n\t\t<\/div>","protected":false},"excerpt":{"rendered":"<p>[vc_row css_animation=&#8221;&#8221; row_type=&#8221;row&#8221; use_row_as_full_screen_section=&#8221;no&#8221; type=&#8221;grid&#8221; angled_section=&#8221;no&#8221; text_align=&#8221;right&#8221; background_image_as_pattern=&#8221;without_pattern&#8221; z_index=&#8221;&#8221;][vc_column][vc_empty_space height=&#8221;75&#8243;][vc_column_text] SISTEMES [\/vc_column_text][\/vc_column][\/vc_row][vc_row css_animation=&#8221;&#8221; row_type=&#8221;row&#8221; use_row_as_full_screen_section=&#8221;no&#8221; type=&#8221;grid&#8221; angled_section=&#8221;no&#8221; text_align=&#8221;left&#8221; background_image_as_pattern=&#8221;without_pattern&#8221; background_color=&#8221;#ffffff&#8221; padding_top=&#8221;50&#8243; padding_bottom=&#8221;95&#8243; z_index=&#8221;&#8221; css=&#8221;.vc_custom_1522178235244{margin-bottom: 55px !important;}&#8221;][vc_column width=&#8221;1\/3&#8243;][vc_empty_space height=&#8221;12px&#8221;][vc_empty_space][vc_separator type=&#8221;normal&#8221; color=&#8221;#cecece&#8221;][vc_empty_space][vc_empty_space height=&#8221;12px&#8221;][vc_empty_space][vc_separator type=&#8221;normal&#8221; color=&#8221;#cecece&#8221;][vc_empty_space][vc_empty_space height=&#8221;12px&#8221;][\/vc_column][vc_column width=&#8221;1\/3&#8243;][vc_empty_space height=&#8221;12px&#8221;][vc_empty_space][vc_separator type=&#8221;normal&#8221; color=&#8221;#cecece&#8221;][vc_empty_space][vc_empty_space height=&#8221;12px&#8221;][vc_empty_space][vc_separator type=&#8221;normal&#8221; color=&#8221;#cecece&#8221;][vc_empty_space][vc_empty_space height=&#8221;12px&#8221;][\/vc_column][vc_column width=&#8221;1\/3&#8243;][vc_empty_space height=&#8221;12px&#8221;][vc_empty_space][vc_separator type=&#8221;normal&#8221;&#8230;<\/p>\n","protected":false},"author":4,"featured_media":0,"parent":0,"menu_order":0,"comment_status":"closed","ping_status":"closed","template":"full_width.php","meta":{"content-type":"","_exactmetrics_skip_tracking":false,"_exactmetrics_sitenote_active":false,"_exactmetrics_sitenote_note":"","_exactmetrics_sitenote_category":0,"_uf_show_specific_survey":0,"_uf_disable_surveys":false,"footnotes":"","_links_to":"","_links_to_target":""},"aioseo_notices":[],"yoast_head":"<!-- This site is optimized with the Yoast SEO plugin v24.5 - https:\/\/yoast.com\/wordpress\/plugins\/seo\/ -->\n<title>Sistemes - CS&amp;M Farmatic<\/title>\n<meta name=\"description\" content=\"Bateria de serveis de la categoria sistemes de CS&amp;M Farmatic. Aqu\u00ed encontr\u00e1s solucions tan \u00fatils com Farmatic Windows, Cashfarma, Cocostore, etc.\" \/>\n<meta name=\"robots\" content=\"index, follow, max-snippet:-1, max-image-preview:large, max-video-preview:-1\" \/>\n<link rel=\"canonical\" href=\"https:\/\/csym.es\/novaweb\/sistemes-csym\/\" \/>\n<meta property=\"og:locale\" content=\"ca_ES\" \/>\n<meta property=\"og:type\" content=\"article\" \/>\n<meta property=\"og:title\" content=\"Sistemes - CS&amp;M Farmatic\" \/>\n<meta property=\"og:description\" content=\"Bateria de serveis de la categoria sistemes de CS&amp;M Farmatic. Aqu\u00ed encontr\u00e1s solucions tan \u00fatils com Farmatic Windows, Cashfarma, Cocostore, etc.\" \/>\n<meta property=\"og:url\" content=\"https:\/\/csym.es\/novaweb\/sistemes-csym\/\" \/>\n<meta property=\"og:site_name\" content=\"CS&amp;M Farmatic\" \/>\n<meta property=\"article:modified_time\" content=\"2024-07-18T11:01:43+00:00\" \/>\n<meta name=\"twitter:card\" content=\"summary_large_image\" \/>\n<meta name=\"twitter:label1\" content=\"Temps estimat de lectura\" \/>\n\t<meta name=\"twitter:data1\" content=\"3 minuts\" \/>\n<script type=\"application\/ld+json\" class=\"yoast-schema-graph\">{\"@context\":\"https:\/\/schema.org\",\"@graph\":[{\"@type\":\"WebPage\",\"@id\":\"https:\/\/csym.es\/novaweb\/sistemes-csym\/\",\"url\":\"https:\/\/csym.es\/novaweb\/sistemes-csym\/\",\"name\":\"Sistemes - CS&amp;M Farmatic\",\"isPartOf\":{\"@id\":\"https:\/\/csym.es\/novaweb\/#website\"},\"datePublished\":\"2019-01-04T12:54:56+00:00\",\"dateModified\":\"2024-07-18T11:01:43+00:00\",\"description\":\"Bateria de serveis de la categoria sistemes de CS&M Farmatic. Aqu\u00ed encontr\u00e1s solucions tan \u00fatils com Farmatic Windows, Cashfarma, Cocostore, etc.\",\"breadcrumb\":{\"@id\":\"https:\/\/csym.es\/novaweb\/sistemes-csym\/#breadcrumb\"},\"inLanguage\":\"ca\",\"potentialAction\":[{\"@type\":\"ReadAction\",\"target\":[\"https:\/\/csym.es\/novaweb\/sistemes-csym\/\"]}]},{\"@type\":\"BreadcrumbList\",\"@id\":\"https:\/\/csym.es\/novaweb\/sistemes-csym\/#breadcrumb\",\"itemListElement\":[{\"@type\":\"ListItem\",\"position\":1,\"name\":\"Portada\",\"item\":\"https:\/\/csym.es\/novaweb\/\"},{\"@type\":\"ListItem\",\"position\":2,\"name\":\"Sistemes\"}]},{\"@type\":\"WebSite\",\"@id\":\"https:\/\/csym.es\/novaweb\/#website\",\"url\":\"https:\/\/csym.es\/novaweb\/\",\"name\":\"CS&amp;M Farmatic\",\"description\":\"Farmatic - CS&amp;M\",\"potentialAction\":[{\"@type\":\"SearchAction\",\"target\":{\"@type\":\"EntryPoint\",\"urlTemplate\":\"https:\/\/csym.es\/novaweb\/?s={search_term_string}\"},\"query-input\":{\"@type\":\"PropertyValueSpecification\",\"valueRequired\":true,\"valueName\":\"search_term_string\"}}],\"inLanguage\":\"ca\"}]}<\/script>\n<!-- \/ Yoast SEO plugin. -->","yoast_head_json":{"title":"Sistemes - CS&amp;M Farmatic","description":"Bateria de serveis de la categoria sistemes de CS&M Farmatic. Aqu\u00ed encontr\u00e1s solucions tan \u00fatils com Farmatic Windows, Cashfarma, Cocostore, etc.","robots":{"index":"index","follow":"follow","max-snippet":"max-snippet:-1","max-image-preview":"max-image-preview:large","max-video-preview":"max-video-preview:-1"},"canonical":"https:\/\/csym.es\/novaweb\/sistemes-csym\/","og_locale":"ca_ES","og_type":"article","og_title":"Sistemes - CS&amp;M Farmatic","og_description":"Bateria de serveis de la categoria sistemes de CS&M Farmatic. Aqu\u00ed encontr\u00e1s solucions tan \u00fatils com Farmatic Windows, Cashfarma, Cocostore, etc.","og_url":"https:\/\/csym.es\/novaweb\/sistemes-csym\/","og_site_name":"CS&amp;M Farmatic","article_modified_time":"2024-07-18T11:01:43+00:00","twitter_card":"summary_large_image","twitter_misc":{"Temps estimat de lectura":"3 minuts"},"schema":{"@context":"https:\/\/schema.org","@graph":[{"@type":"WebPage","@id":"https:\/\/csym.es\/novaweb\/sistemes-csym\/","url":"https:\/\/csym.es\/novaweb\/sistemes-csym\/","name":"Sistemes - CS&amp;M Farmatic","isPartOf":{"@id":"https:\/\/csym.es\/novaweb\/#website"},"datePublished":"2019-01-04T12:54:56+00:00","dateModified":"2024-07-18T11:01:43+00:00","description":"Bateria de serveis de la categoria sistemes de CS&M Farmatic. Aqu\u00ed encontr\u00e1s solucions tan \u00fatils com Farmatic Windows, Cashfarma, Cocostore, etc.","breadcrumb":{"@id":"https:\/\/csym.es\/novaweb\/sistemes-csym\/#breadcrumb"},"inLanguage":"ca","potentialAction":[{"@type":"ReadAction","target":["https:\/\/csym.es\/novaweb\/sistemes-csym\/"]}]},{"@type":"BreadcrumbList","@id":"https:\/\/csym.es\/novaweb\/sistemes-csym\/#breadcrumb","itemListElement":[{"@type":"ListItem","position":1,"name":"Portada","item":"https:\/\/csym.es\/novaweb\/"},{"@type":"ListItem","position":2,"name":"Sistemes"}]},{"@type":"WebSite","@id":"https:\/\/csym.es\/novaweb\/#website","url":"https:\/\/csym.es\/novaweb\/","name":"CS&amp;M Farmatic","description":"Farmatic - CS&amp;M","potentialAction":[{"@type":"SearchAction","target":{"@type":"EntryPoint","urlTemplate":"https:\/\/csym.es\/novaweb\/?s={search_term_string}"},"query-input":{"@type":"PropertyValueSpecification","valueRequired":true,"valueName":"search_term_string"}}],"inLanguage":"ca"}]}},"_links":{"self":[{"href":"https:\/\/csym.es\/novaweb\/wp-json\/wp\/v2\/pages\/16874"}],"collection":[{"href":"https:\/\/csym.es\/novaweb\/wp-json\/wp\/v2\/pages"}],"about":[{"href":"https:\/\/csym.es\/novaweb\/wp-json\/wp\/v2\/types\/page"}],"author":[{"embeddable":true,"href":"https:\/\/csym.es\/novaweb\/wp-json\/wp\/v2\/users\/4"}],"replies":[{"embeddable":true,"href":"https:\/\/csym.es\/novaweb\/wp-json\/wp\/v2\/comments?post=16874"}],"version-history":[{"count":35,"href":"https:\/\/csym.es\/novaweb\/wp-json\/wp\/v2\/pages\/16874\/revisions"}],"predecessor-version":[{"id":22096,"href":"https:\/\/csym.es\/novaweb\/wp-json\/wp\/v2\/pages\/16874\/revisions\/22096"}],"wp:attachment":[{"href":"https:\/\/csym.es\/novaweb\/wp-json\/wp\/v2\/media?parent=16874"}],"curies":[{"name":"wp","href":"https:\/\/api.w.org\/{rel}","templated":true}]}}