{"id":16597,"date":"2018-05-03T20:58:31","date_gmt":"2018-05-03T20:58:31","guid":{"rendered":"https:\/\/csym.es\/?page_id=16597"},"modified":"2018-06-15T11:02:09","modified_gmt":"2018-06-15T11:02:09","slug":"csm","status":"publish","type":"page","link":"https:\/\/csym.es\/novaweb\/csm\/","title":{"rendered":"CSM"},"content":{"rendered":"<div class=\"wpb-content-wrapper\"><p>[vc_row css_animation=&#8221;&#8221; row_type=&#8221;row&#8221; use_row_as_full_screen_section=&#8221;no&#8221; type=&#8221;full_width&#8221; angled_section=&#8221;no&#8221; text_align=&#8221;left&#8221; background_image_as_pattern=&#8221;without_pattern&#8221;][vc_column][vc_column_text][\/vc_column_text][\/vc_column][\/vc_row][vc_row css_animation=&#8221;&#8221; row_type=&#8221;row&#8221; use_row_as_full_screen_section=&#8221;no&#8221; type=&#8221;full_width&#8221; angled_section=&#8221;no&#8221; text_align=&#8221;left&#8221; background_image_as_pattern=&#8221;without_pattern&#8221; z_index=&#8221;&#8221;][vc_column][vc_empty_space height=&#8221;65px&#8221;][vc_column_text]<\/p>\n<h1 class=\"p1\" style=\"text-align: center;\"><b>Mucho m\u00e1s que<\/b><\/h1>\n<h1 class=\"p1\" style=\"text-align: center;\"><b>un distribuidor de<\/b><\/h1>\n<h1 class=\"p1\" style=\"text-align: center;\"><b>Farmatic<\/b><\/h1>\n<p>[\/vc_column_text][vc_empty_space][vc_column_text]<\/p>\n<h2 class=\"p1\" style=\"text-align: center;\">CS&amp;M es el lugar perfecto donde conocer a fondo las herramientas de Farmatic y exprimir al m\u00e1ximo el potencial de tu oficina de Farmacia.<\/h2>\n<p>[\/vc_column_text][\/vc_column][\/vc_row][vc_row css_animation=&#8221;&#8221; row_type=&#8221;row&#8221; use_row_as_full_screen_section=&#8221;no&#8221; type=&#8221;full_width&#8221; angled_section=&#8221;no&#8221; text_align=&#8221;left&#8221; background_image_as_pattern=&#8221;without_pattern&#8221;][vc_column][vc_empty_space height=&#8221;65&#8243;][\/vc_column][\/vc_row][vc_row css_animation=&#8221;&#8221; row_type=&#8221;row&#8221; use_row_as_full_screen_section=&#8221;no&#8221; type=&#8221;full_width&#8221; angled_section=&#8221;no&#8221; text_align=&#8221;center&#8221; background_image_as_pattern=&#8221;without_pattern&#8221; z_index=&#8221;&#8221;][vc_column css_animation=&#8221;none&#8221; width=&#8221;1\/3&#8243; css=&#8221;.vc_custom_1529056207729{background-image: url(https:\/\/csym.es\/wp-content\/uploads\/2018\/06\/consulting-landing.png?id=16737) !important;}&#8221;]<div class=\"ult-ih-container ult-adjust-bottom-margin  \" >\t<ul class=\"ult-ih-list \"  data-shape=\"square\"  data-width=\"300\"  data-height=\"300\"  style=\"text-align:center; \"><li id=\"ult-ih-list-item-6206\" class=\"ult-ih-list-item\" style=\"height: 300px; width: 300px;  margin: 15px\"><a class=\"ult-ih-link\" href=\"https:\/\/csym.es\/es\/consulting\/\"  ><div style=\"height: 300px; width: 300px; \" class=\"ult-ih-item ult-ih-effect8  ult-ih-right_to_left  \"><div class=\"ult-ih-image-block-container\">\t<div class=\"ult-ih-image-block\" style=\"height: 300px; width: 300px; \">\t\t<div class=\"ult-ih-wrapper\" style=\"border-style: solid; border-color: #ffffff; border-width: 5px;\"><\/div>\t\t<img decoding=\"async\" class=\"ult-ih-image\" src=\"https:\/\/csym.es\/novaweb\/wp-content\/uploads\/2018\/01\/consulting-1.jpg\" alt=\"null\">\t<\/div> <\/div><div class=\"info-container\">\t<div class=\"ult-ih-info\" style=\"background-color: #ffffff; \">\t<div class=\"ult-ih-content\">\t\t\t<div class=\"ult-ih-heading-block\" style=\"\">\t\t\t\t<h3 class=\"ult-ih-heading ult-responsive\" style=\"font-weight:bold;color:#4c4c44;\"  data-ultimate-target='#ult-ih-list-item-6206 .ult-ih-heading'  data-responsive-json-new='{\"font-size\":\"desktop:28px;\",\"line-height\":\"desktop:28px;\"}' >CONSULTING<\/h3>\t\t\t<\/div>\t\t\t<div class=\"ult-ih-divider-block\" style=\"height:1px;\">\t\t\t\t<span class=\"ult-ih-line\" style=\"border-style:none;border-color:rgba(255,255,255,0.75);width:100px;border-width:1px;\"><\/span>\t\t\t<\/div>\t\t\t<div class=\"ult-ih-description-block\" style=\"\">\t\t\t\t<div class=\"ult-ih-description ult-responsive\" style=\"color:#4c4c44;\"  data-ultimate-target='#ult-ih-list-item-6206 .ult-ih-description, #ult-ih-list-item-6206 .ult-ih-description p'  data-responsive-json-new='{\"font-size\":\"desktop:20px;\",\"line-height\":\"desktop:22px;\"}' ><p style=\"text-align: center;\">Organizamos <strong>talleres gratuitos<\/strong> semanales y ofrecemos herramientas para analizar tu farmacia en un solo clic.<\/p>\n\t\t\t\t<\/div>\t\t\t<\/div>\t<\/div>\t<\/div><\/div><\/div><\/a><\/li>\t<\/ul><\/div>[\/vc_column][vc_column css_animation=&#8221;none&#8221; width=&#8221;1\/3&#8243; css=&#8221;.vc_custom_1529056220436{background-image: url(https:\/\/csym.es\/wp-content\/uploads\/2018\/06\/sistemes-3.png?id=16738) !important;}&#8221;]<div class=\"ult-ih-container ult-adjust-bottom-margin  \" >\t<ul class=\"ult-ih-list \"  data-shape=\"square\"  data-width=\"300\"  data-height=\"300\"  style=\"text-align:center; \"><li id=\"ult-ih-list-item-5379\" class=\"ult-ih-list-item\" style=\"height: 300px; width: 300px;  margin: 15px\"><a class=\"ult-ih-link\" href=\"https:\/\/csym.es\/es\/sistemas\/\"  ><div style=\"height: 300px; width: 300px; \" class=\"ult-ih-item ult-ih-effect8  ult-ih-right_to_left  \"><div class=\"ult-ih-image-block-container\">\t<div class=\"ult-ih-image-block\" style=\"height: 300px; width: 300px; \">\t\t<div class=\"ult-ih-wrapper\" style=\"border-style: solid; border-color: #ffffff; border-width: 5px;\"><\/div>\t\t<img decoding=\"async\" class=\"ult-ih-image\" src=\"https:\/\/csym.es\/novaweb\/wp-content\/uploads\/2018\/01\/sistemes-csm.jpg\" alt=\"null\">\t<\/div> <\/div><div class=\"info-container\">\t<div class=\"ult-ih-info\" style=\"background-color: #ffffff; \">\t<div class=\"ult-ih-content\">\t\t\t<div class=\"ult-ih-heading-block\" style=\"\">\t\t\t\t<h3 class=\"ult-ih-heading ult-responsive\" style=\"font-weight:bold;color:#0095a8;\"  data-ultimate-target='#ult-ih-list-item-5379 .ult-ih-heading'  data-responsive-json-new='{\"font-size\":\"desktop:28px;\",\"line-height\":\"desktop:28px;\"}' >SISTEMAS<\/h3>\t\t\t<\/div>\t\t\t<div class=\"ult-ih-divider-block\" style=\"height:1px;\">\t\t\t\t<span class=\"ult-ih-line\" style=\"border-style:none;border-color:rgba(255,255,255,0.75);width:100px;border-width:1px;\"><\/span>\t\t\t<\/div>\t\t\t<div class=\"ult-ih-description-block\" style=\"\">\t\t\t\t<div class=\"ult-ih-description ult-responsive\" style=\"color:#0095a8;\"  data-ultimate-target='#ult-ih-list-item-5379 .ult-ih-description, #ult-ih-list-item-5379 .ult-ih-description p'  data-responsive-json-new='{\"font-size\":\"desktop:20px;\",\"line-height\":\"desktop:22px;\"}' ><div class=\"wpb_text_column wpb_content_element \">\n<div class=\"wpb_wrapper\">\n<p class=\"p1\" style=\"text-align: center;\"><span style=\"font-weight: 400;\">Con nuestro <\/span><b>servicio t\u00e9cnico de mantenimiento<\/b><span style=\"font-weight: 400;\"> estar\u00e1s cubierto todos los d\u00edas del a\u00f1o.<\/span><\/p>\n<\/div>\n<\/div>\n<div class=\"vc_empty_space\"><\/div>\n\t\t\t\t<\/div>\t\t\t<\/div>\t<\/div>\t<\/div><\/div><\/div><\/a><\/li>\t<\/ul><\/div>[\/vc_column][vc_column width=&#8221;1\/3&#8243; css=&#8221;.vc_custom_1529060336127{background-image: url(https:\/\/csym.es\/wp-content\/uploads\/2018\/06\/mkt-home.png?id=16756) !important;}&#8221;]<div class=\"ult-ih-container ult-adjust-bottom-margin  \" >\t<ul class=\"ult-ih-list \"  data-shape=\"square\"  data-width=\"300\"  data-height=\"300\"  style=\"text-align:center; \"><li id=\"ult-ih-list-item-9358\" class=\"ult-ih-list-item\" style=\"height: 300px; width: 300px;  margin: 15px\"><a class=\"ult-ih-link\" href=\"https:\/\/csym.es\/es\/marketing\/\"  ><div style=\"height: 300px; width: 300px; \" class=\"ult-ih-item ult-ih-effect8  ult-ih-right_to_left  \"><div class=\"ult-ih-image-block-container\">\t<div class=\"ult-ih-image-block\" style=\"height: 300px; width: 300px; \">\t\t<div class=\"ult-ih-wrapper\" style=\"border-style: solid; border-color: #ffffff; border-width: 5px;\"><\/div>\t\t<img decoding=\"async\" class=\"ult-ih-image\" src=\"https:\/\/csym.es\/novaweb\/wp-content\/uploads\/2018\/01\/marketing-csm.jpg\" alt=\"null\">\t<\/div> <\/div><div class=\"info-container\">\t<div class=\"ult-ih-info\" style=\"background-color: #ffffff; \">\t<div class=\"ult-ih-content\">\t\t\t<div class=\"ult-ih-heading-block\" style=\"\">\t\t\t\t<h3 class=\"ult-ih-heading ult-responsive\" style=\"font-weight:bold;color:#ea7e35;\"  data-ultimate-target='#ult-ih-list-item-9358 .ult-ih-heading'  data-responsive-json-new='{\"font-size\":\"desktop:28px;\",\"line-height\":\"desktop:28px;\"}' >MARKETING<\/h3>\t\t\t<\/div>\t\t\t<div class=\"ult-ih-divider-block\" style=\"height:1px;\">\t\t\t\t<span class=\"ult-ih-line\" style=\"border-style:none;border-color:rgba(255,255,255,0.75);width:100px;border-width:1px;\"><\/span>\t\t\t<\/div>\t\t\t<div class=\"ult-ih-description-block\" style=\"\">\t\t\t\t<div class=\"ult-ih-description ult-responsive\" style=\"color:#ea7e35;\"  data-ultimate-target='#ult-ih-list-item-9358 .ult-ih-description, #ult-ih-list-item-9358 .ult-ih-description p'  data-responsive-json-new='{\"font-size\":\"desktop:20px;\",\"line-height\":\"desktop:22px;\"}' ><p style=\"text-align: center;\"><span style=\"font-weight: 400;\">Nuestro departamento de <\/span><b>marketing farmac\u00e9utico<\/b><span style=\"font-weight: 400;\"> te ayudar\u00e1 a mejorar las acciones y comunicaciones con tus clientes.<\/span><\/p>\n\t\t\t\t<\/div>\t\t\t<\/div>\t<\/div>\t<\/div><\/div><\/div><\/a><\/li>\t<\/ul><\/div>[\/vc_column][\/vc_row][vc_row css_animation=&#8221;&#8221; row_type=&#8221;row&#8221; use_row_as_full_screen_section=&#8221;no&#8221; type=&#8221;full_width&#8221; angled_section=&#8221;no&#8221; text_align=&#8221;left&#8221; background_image_as_pattern=&#8221;without_pattern&#8221; css=&#8221;.vc_custom_1516208040639{margin-top: 45px !important;}&#8221; z_index=&#8221;&#8221;][vc_column][vc_column_text]<\/p>\n<h1 class=\"p1\" style=\"text-align: center;\">Te lo ponemos f\u00e1cil<\/h1>\n<p>[\/vc_column_text][vc_empty_space height=&#8221;20&#8243;][vc_column_text]<\/p>\n<h2 style=\"text-align: center;\">Descubre todo lo que podemos hacer para tu farmacia.<\/h2>\n<p>[\/vc_column_text][vc_empty_space height=&#8221;70&#8243;][\/vc_column][\/vc_row][vc_row css_animation=&#8221;&#8221; row_type=&#8221;row&#8221; use_row_as_full_screen_section=&#8221;no&#8221; type=&#8221;grid&#8221; angled_section=&#8221;no&#8221; text_align=&#8221;center&#8221; background_image_as_pattern=&#8221;without_pattern&#8221; z_index=&#8221;&#8221;][vc_column css_animation=&#8221;left-to-right&#8221; width=&#8221;1\/4&#8243;]<div class=\"aio-icon-component    style_2\"><a class=\"aio-icon-box-link\" href=\"https:\/\/csym.es\/areaclient\/visor-de-precios\/?lang=es\" title=\"visor de preus\" target=\"_blank\" rel=\"noopener\" ><div id=\"Info-box-wrap-1688\" class=\"aio-icon-box top-icon\" style=\"\"  ><div class=\"aio-icon-top\"><div class=\"ult-just-icon-wrapper  \"><div class=\"align-icon\" style=\"text-align:center;\">\n<div class=\"aio-icon none \"  style=\"color:#ee9132;font-size:65px;display:inline-block;\">\n\t<i class=\"Defaults-search-plus\"><\/i>\n<\/div><\/div><\/div><\/div><div class=\"aio-icon-header\" ><h3 class=\"aio-icon-title ult-responsive\"  data-ultimate-target='#Info-box-wrap-1688 .aio-icon-title'  data-responsive-json-new='{\"font-size\":\"desktop:18px;\",\"line-height\":\"\"}'  style=\"color:#ea9035;\">Visor de Precios<\/h3><\/div> <!-- header --><div class=\"aio-icon-description ult-responsive\"  data-ultimate-target='#Info-box-wrap-1688 .aio-icon-description'  data-responsive-json-new='{\"font-size\":\"desktop:16px;\",\"line-height\":\"\"}'  style=\"color:#0095a8;\"><span style=\"font-weight: 400;\">Introduce el C\u00f3digo Nacional del producto para obtener el <\/span><b>P.V.P m\u00ednimo, medio y m\u00e1ximo<\/b><span style=\"font-weight: 400;\"> de los productos de parafarmacia.<\/span><\/div> <!-- description --><\/div> <!-- aio-icon-box --><\/a><\/div> <!-- aio-icon-component -->[vc_empty_space][\/vc_column][vc_column css_animation=&#8221;none&#8221; width=&#8221;1\/4&#8243;]<div class=\"aio-icon-component    style_2\"><a class=\"aio-icon-box-link\" href=\"https:\/\/csym.es\/remot\" title=\"Suport remot\" target=\"_blank\" rel=\"noopener\" ><div id=\"Info-box-wrap-7443\" class=\"aio-icon-box top-icon\" style=\"\"  ><div class=\"aio-icon-top\"><div class=\"ult-just-icon-wrapper  \"><div class=\"align-icon\" style=\"text-align:center;\">\n<div class=\"aio-icon none \"  style=\"color:#ee9132;font-size:65px;display:inline-block;\">\n\t<i class=\"Defaults-expand\"><\/i>\n<\/div><\/div><\/div><\/div><div class=\"aio-icon-header\" ><h3 class=\"aio-icon-title ult-responsive\"  data-ultimate-target='#Info-box-wrap-7443 .aio-icon-title'  data-responsive-json-new='{\"font-size\":\"desktop:18px;\",\"line-height\":\"\"}'  style=\"color:#ea9035;\">Connexi\u00f3n Remota<\/h3><\/div> <!-- header --><div class=\"aio-icon-description ult-responsive\"  data-ultimate-target='#Info-box-wrap-7443 .aio-icon-description'  data-responsive-json-new='{\"font-size\":\"desktop:16px;\",\"line-height\":\"\"}'  style=\"color:#0095a8;\"><span style=\"font-weight: 400;\">Si tienes problemas con tu equipo, da acceso a nuestros t\u00e9cnicos para solicitar <\/span><b>asistencia remota<\/b><span style=\"font-weight: 400;\"> en\u00a0Farmatic.<\/span><\/div> <!-- description --><\/div> <!-- aio-icon-box --><\/a><\/div> <!-- aio-icon-component -->[vc_empty_space][\/vc_column][vc_column width=&#8221;1\/4&#8243;]<div class=\"aio-icon-component    style_2\"><a class=\"aio-icon-box-link\" href=\"https:\/\/csym.es\/areaclient\/formacion-presencial\/?lang=es\" title=\"Formaci\u00f3 presencial\" target=\"_blank\" rel=\"noopener\" ><div id=\"Info-box-wrap-2368\" class=\"aio-icon-box top-icon\" style=\"\"  ><div class=\"aio-icon-top\"><div class=\"ult-just-icon-wrapper  \"><div class=\"align-icon\" style=\"text-align:center;\">\n<div class=\"aio-icon none \"  style=\"color:#ee9132;font-size:65px;display:inline-block;\">\n\t<i class=\"Defaults-graduation-cap mortar-board\"><\/i>\n<\/div><\/div><\/div><\/div><div class=\"aio-icon-header\" ><h3 class=\"aio-icon-title ult-responsive\"  data-ultimate-target='#Info-box-wrap-2368 .aio-icon-title'  data-responsive-json-new='{\"font-size\":\"desktop:18px;\",\"line-height\":\"\"}'  style=\"color:#ea9035;\">Formaci\u00f3n<\/h3><\/div> <!-- header --><div class=\"aio-icon-description ult-responsive\"  data-ultimate-target='#Info-box-wrap-2368 .aio-icon-description'  data-responsive-json-new='{\"font-size\":\"desktop:16px;\",\"line-height\":\"\"}'  style=\"color:#0095a8;\"><span style=\"font-weight: 400;\">Cursos para ampliar y consolidar la <\/span><b>formaci\u00f3n del farmac\u00e9utico y su equipo<\/b><span style=\"font-weight: 400;\">, para continuar creciente a nivel profesional.<\/span><\/div> <!-- description --><\/div> <!-- aio-icon-box --><\/a><\/div> <!-- aio-icon-component -->[vc_empty_space][\/vc_column][vc_column css_animation=&#8221;right-to-left&#8221; width=&#8221;1\/4&#8243;]<div class=\"aio-icon-component    style_2\"><a class=\"aio-icon-box-link\" href=\"https:\/\/csym.es\/areaclient\/formacion-presencial\/?lang=es\" title=\"Aula Oberta\" target=\"_blank\" rel=\"noopener\" ><div id=\"Info-box-wrap-1753\" class=\"aio-icon-box top-icon\" style=\"\"  ><div class=\"aio-icon-top\"><div class=\"ult-just-icon-wrapper  \"><div class=\"align-icon\" style=\"text-align:center;\">\n<div class=\"aio-icon none \"  style=\"color:#ee9132;font-size:65px;display:inline-block;\">\n\t<i class=\"Defaults-desktop\"><\/i>\n<\/div><\/div><\/div><\/div><div class=\"aio-icon-header\" ><h3 class=\"aio-icon-title ult-responsive\"  data-ultimate-target='#Info-box-wrap-1753 .aio-icon-title'  data-responsive-json-new='{\"font-size\":\"desktop:18px;\",\"line-height\":\"\"}'  style=\"color:#ea9035;\">Aula Abierta<\/h3><\/div> <!-- header --><div class=\"aio-icon-description ult-responsive\"  data-ultimate-target='#Info-box-wrap-1753 .aio-icon-description'  data-responsive-json-new='{\"font-size\":\"desktop:16px;\",\"line-height\":\"\"}'  style=\"color:#0095a8;\"><span style=\"font-weight: 400;\">Cada viernes ofrecemos <\/span><b>formaciones a grupos reducidos<\/b><span style=\"font-weight: 400;\"> sin coste, favoreciendo la interacci\u00f3n entre alumnas y docente.<\/span><\/div> <!-- description --><\/div> <!-- aio-icon-box --><\/a><\/div> <!-- aio-icon-component -->[vc_empty_space][\/vc_column][\/vc_row][vc_row css_animation=&#8221;&#8221; row_type=&#8221;row&#8221; use_row_as_full_screen_section=&#8221;no&#8221; type=&#8221;grid&#8221; angled_section=&#8221;no&#8221; text_align=&#8221;center&#8221; background_image_as_pattern=&#8221;without_pattern&#8221; z_index=&#8221;&#8221; css=&#8221;.vc_custom_1522005928179{margin-top: 75px !important;}&#8221;][vc_column width=&#8221;1\/2&#8243;]<span data-type=\"circle\" data-hover-bg-color=\"#ff6600\" data-hover-icon-color=\"#ffffff\" class=\"qode_icon_shortcode fa-stack q_font_awsome_icon_stack fa-3x pull-center \" style=\" \"><i class=\"fa fa-circle fa-stack-base fa-stack-2x\" style=\"color: #ff6600;\"><\/i><i class=\"qode_icon_font_awesome fa fa-info qode_icon_element fa-stack-1x\" style=\"font-size: 40px;color: #ffffff;\" ><\/i><\/span>[vc_empty_space height=&#8221;19&#8243;][vc_column_text]<\/p>\n<h6 style=\"text-align: center;\">Contacta con nosotros<\/h6>\n<p>[\/vc_column_text][vc_empty_space height=&#8221;10&#8243;][vc_column_text]<\/p>\n<p style=\"text-align: center;\">para recibir m\u00e1s informaci\u00f3n sobre nuestros<br \/>\nproductos y servicios<\/p>\n<p>[\/vc_column_text][vc_empty_space height=&#8221;32&#8243;]<a  itemprop=\"url\" href=\"https:\/\/csym.es\/es\/contacto\/\" target=\"_self\"  class=\"qbutton  medium white default\" style=\"\">CONTACTAR<\/a>[vc_empty_space height=&#8221;32&#8243;][\/vc_column][vc_column width=&#8221;1\/2&#8243;][vc_single_image image=&#8221;16182&#8243; img_size=&#8221;full&#8221; qode_css_animation=&#8221;&#8221;][vc_empty_space height=&#8221;10&#8243;][vc_column_text]<\/p>\n<h6 style=\"text-align: center;\">Ya estamos en m\u00e1s de <span style=\"color: #ff6600;\">1000 <\/span><span style=\"color: #ff6600;\">farmacias<\/span><\/h6>\n<h6 style=\"text-align: center;\">CS&amp;M Farmatic<\/h6>\n<p>[\/vc_column_text][\/vc_column][\/vc_row][vc_row css_animation=&#8221;&#8221; row_type=&#8221;row&#8221; use_row_as_full_screen_section=&#8221;no&#8221; type=&#8221;full_width&#8221; angled_section=&#8221;no&#8221; text_align=&#8221;left&#8221; background_image_as_pattern=&#8221;without_pattern&#8221;][vc_column][vc_empty_space height=&#8221;100&#8243;][\/vc_column][\/vc_row][vc_row css_animation=&#8221;&#8221; row_type=&#8221;row&#8221; use_row_as_full_screen_section=&#8221;no&#8221; type=&#8221;full_width&#8221; angled_section=&#8221;no&#8221; text_align=&#8221;left&#8221; background_image_as_pattern=&#8221;without_pattern&#8221;][vc_column][vc_gallery type=&#8221;image_grid&#8221; images=&#8221;16722,16716,16184,16187,16718,16717,16190,16719&#8243; img_size=&#8221;600&#215;600&#8243; column_number=&#8221;4&#8243; grayscale=&#8221;yes&#8221; images_space=&#8221;gallery_without_space&#8221;][\/vc_column][\/vc_row]<\/p>\n<\/div>","protected":false},"excerpt":{"rendered":"<p>[vc_row css_animation=&#8221;&#8221; row_type=&#8221;row&#8221; use_row_as_full_screen_section=&#8221;no&#8221; type=&#8221;full_width&#8221; angled_section=&#8221;no&#8221; text_align=&#8221;left&#8221; background_image_as_pattern=&#8221;without_pattern&#8221;][vc_column][vc_column_text][\/vc_column_text][\/vc_column][\/vc_row][vc_row css_animation=&#8221;&#8221; row_type=&#8221;row&#8221; use_row_as_full_screen_section=&#8221;no&#8221; type=&#8221;full_width&#8221; angled_section=&#8221;no&#8221; text_align=&#8221;left&#8221; background_image_as_pattern=&#8221;without_pattern&#8221; z_index=&#8221;&#8221;][vc_column][vc_empty_space height=&#8221;65px&#8221;][vc_column_text] Mucho m\u00e1s que un distribuidor de Farmatic [\/vc_column_text][vc_empty_space][vc_column_text] CS&amp;M es el lugar perfecto donde conocer a fondo las herramientas de Farmatic y exprimir al m\u00e1ximo el potencial de&#8230;<\/p>\n","protected":false},"author":4,"featured_media":0,"parent":0,"menu_order":1,"comment_status":"closed","ping_status":"closed","template":"full_width.php","meta":{"content-type":"","_exactmetrics_skip_tracking":false,"_exactmetrics_sitenote_active":false,"_exactmetrics_sitenote_note":"","_exactmetrics_sitenote_category":0,"_uf_show_specific_survey":0,"_uf_disable_surveys":false,"footnotes":"","_links_to":"","_links_to_target":""},"aioseo_notices":[],"yoast_head":"<!-- This site is optimized with the Yoast SEO plugin v24.5 - https:\/\/yoast.com\/wordpress\/plugins\/seo\/ -->\n<title>CSM - CS&amp;M Farmatic<\/title>\n<meta name=\"robots\" content=\"index, follow, max-snippet:-1, max-image-preview:large, max-video-preview:-1\" \/>\n<link rel=\"canonical\" href=\"https:\/\/csym.es\/novaweb\/csm\/\" \/>\n<meta property=\"og:locale\" content=\"ca_ES\" \/>\n<meta property=\"og:type\" content=\"article\" \/>\n<meta property=\"og:title\" content=\"CSM - CS&amp;M Farmatic\" \/>\n<meta property=\"og:description\" content=\"[vc_row css_animation=&#8221;&#8221; row_type=&#8221;row&#8221; use_row_as_full_screen_section=&#8221;no&#8221; type=&#8221;full_width&#8221; angled_section=&#8221;no&#8221; text_align=&#8221;left&#8221; background_image_as_pattern=&#8221;without_pattern&#8221;][vc_column][vc_column_text][\/vc_column_text][\/vc_column][\/vc_row][vc_row css_animation=&#8221;&#8221; row_type=&#8221;row&#8221; use_row_as_full_screen_section=&#8221;no&#8221; type=&#8221;full_width&#8221; angled_section=&#8221;no&#8221; text_align=&#8221;left&#8221; background_image_as_pattern=&#8221;without_pattern&#8221; z_index=&#8221;&#8221;][vc_column][vc_empty_space height=&#8221;65px&#8221;][vc_column_text] Mucho m\u00e1s que un distribuidor de Farmatic [\/vc_column_text][vc_empty_space][vc_column_text] CS&amp;M es el lugar perfecto donde conocer a fondo las herramientas de Farmatic y exprimir al m\u00e1ximo el potencial de...\" \/>\n<meta property=\"og:url\" content=\"https:\/\/csym.es\/novaweb\/csm\/\" \/>\n<meta property=\"og:site_name\" content=\"CS&amp;M Farmatic\" \/>\n<meta property=\"article:modified_time\" content=\"2018-06-15T11:02:09+00:00\" \/>\n<meta name=\"twitter:card\" content=\"summary_large_image\" \/>\n<meta name=\"twitter:label1\" content=\"Temps estimat de lectura\" \/>\n\t<meta name=\"twitter:data1\" content=\"7 minuts\" \/>\n<script type=\"application\/ld+json\" class=\"yoast-schema-graph\">{\"@context\":\"https:\/\/schema.org\",\"@graph\":[{\"@type\":\"WebPage\",\"@id\":\"https:\/\/csym.es\/novaweb\/csm\/\",\"url\":\"https:\/\/csym.es\/novaweb\/csm\/\",\"name\":\"CSM - CS&amp;M Farmatic\",\"isPartOf\":{\"@id\":\"https:\/\/csym.es\/novaweb\/#website\"},\"datePublished\":\"2018-05-03T20:58:31+00:00\",\"dateModified\":\"2018-06-15T11:02:09+00:00\",\"breadcrumb\":{\"@id\":\"https:\/\/csym.es\/novaweb\/csm\/#breadcrumb\"},\"inLanguage\":\"ca\",\"potentialAction\":[{\"@type\":\"ReadAction\",\"target\":[\"https:\/\/csym.es\/novaweb\/csm\/\"]}]},{\"@type\":\"BreadcrumbList\",\"@id\":\"https:\/\/csym.es\/novaweb\/csm\/#breadcrumb\",\"itemListElement\":[{\"@type\":\"ListItem\",\"position\":1,\"name\":\"Portada\",\"item\":\"https:\/\/csym.es\/novaweb\/\"},{\"@type\":\"ListItem\",\"position\":2,\"name\":\"CSM\"}]},{\"@type\":\"WebSite\",\"@id\":\"https:\/\/csym.es\/novaweb\/#website\",\"url\":\"https:\/\/csym.es\/novaweb\/\",\"name\":\"CS&amp;M Farmatic\",\"description\":\"Farmatic - CS&amp;M\",\"potentialAction\":[{\"@type\":\"SearchAction\",\"target\":{\"@type\":\"EntryPoint\",\"urlTemplate\":\"https:\/\/csym.es\/novaweb\/?s={search_term_string}\"},\"query-input\":{\"@type\":\"PropertyValueSpecification\",\"valueRequired\":true,\"valueName\":\"search_term_string\"}}],\"inLanguage\":\"ca\"}]}<\/script>\n<!-- \/ Yoast SEO plugin. -->","yoast_head_json":{"title":"CSM - CS&amp;M Farmatic","robots":{"index":"index","follow":"follow","max-snippet":"max-snippet:-1","max-image-preview":"max-image-preview:large","max-video-preview":"max-video-preview:-1"},"canonical":"https:\/\/csym.es\/novaweb\/csm\/","og_locale":"ca_ES","og_type":"article","og_title":"CSM - CS&amp;M Farmatic","og_description":"[vc_row css_animation=&#8221;&#8221; row_type=&#8221;row&#8221; use_row_as_full_screen_section=&#8221;no&#8221; type=&#8221;full_width&#8221; angled_section=&#8221;no&#8221; text_align=&#8221;left&#8221; background_image_as_pattern=&#8221;without_pattern&#8221;][vc_column][vc_column_text][\/vc_column_text][\/vc_column][\/vc_row][vc_row css_animation=&#8221;&#8221; row_type=&#8221;row&#8221; use_row_as_full_screen_section=&#8221;no&#8221; type=&#8221;full_width&#8221; angled_section=&#8221;no&#8221; text_align=&#8221;left&#8221; background_image_as_pattern=&#8221;without_pattern&#8221; z_index=&#8221;&#8221;][vc_column][vc_empty_space height=&#8221;65px&#8221;][vc_column_text] Mucho m\u00e1s que un distribuidor de Farmatic [\/vc_column_text][vc_empty_space][vc_column_text] CS&amp;M es el lugar perfecto donde conocer a fondo las herramientas de Farmatic y exprimir al m\u00e1ximo el potencial de...","og_url":"https:\/\/csym.es\/novaweb\/csm\/","og_site_name":"CS&amp;M Farmatic","article_modified_time":"2018-06-15T11:02:09+00:00","twitter_card":"summary_large_image","twitter_misc":{"Temps estimat de lectura":"7 minuts"},"schema":{"@context":"https:\/\/schema.org","@graph":[{"@type":"WebPage","@id":"https:\/\/csym.es\/novaweb\/csm\/","url":"https:\/\/csym.es\/novaweb\/csm\/","name":"CSM - CS&amp;M Farmatic","isPartOf":{"@id":"https:\/\/csym.es\/novaweb\/#website"},"datePublished":"2018-05-03T20:58:31+00:00","dateModified":"2018-06-15T11:02:09+00:00","breadcrumb":{"@id":"https:\/\/csym.es\/novaweb\/csm\/#breadcrumb"},"inLanguage":"ca","potentialAction":[{"@type":"ReadAction","target":["https:\/\/csym.es\/novaweb\/csm\/"]}]},{"@type":"BreadcrumbList","@id":"https:\/\/csym.es\/novaweb\/csm\/#breadcrumb","itemListElement":[{"@type":"ListItem","position":1,"name":"Portada","item":"https:\/\/csym.es\/novaweb\/"},{"@type":"ListItem","position":2,"name":"CSM"}]},{"@type":"WebSite","@id":"https:\/\/csym.es\/novaweb\/#website","url":"https:\/\/csym.es\/novaweb\/","name":"CS&amp;M Farmatic","description":"Farmatic - CS&amp;M","potentialAction":[{"@type":"SearchAction","target":{"@type":"EntryPoint","urlTemplate":"https:\/\/csym.es\/novaweb\/?s={search_term_string}"},"query-input":{"@type":"PropertyValueSpecification","valueRequired":true,"valueName":"search_term_string"}}],"inLanguage":"ca"}]}},"_links":{"self":[{"href":"https:\/\/csym.es\/novaweb\/wp-json\/wp\/v2\/pages\/16597"}],"collection":[{"href":"https:\/\/csym.es\/novaweb\/wp-json\/wp\/v2\/pages"}],"about":[{"href":"https:\/\/csym.es\/novaweb\/wp-json\/wp\/v2\/types\/page"}],"author":[{"embeddable":true,"href":"https:\/\/csym.es\/novaweb\/wp-json\/wp\/v2\/users\/4"}],"replies":[{"embeddable":true,"href":"https:\/\/csym.es\/novaweb\/wp-json\/wp\/v2\/comments?post=16597"}],"version-history":[{"count":10,"href":"https:\/\/csym.es\/novaweb\/wp-json\/wp\/v2\/pages\/16597\/revisions"}],"predecessor-version":[{"id":16759,"href":"https:\/\/csym.es\/novaweb\/wp-json\/wp\/v2\/pages\/16597\/revisions\/16759"}],"wp:attachment":[{"href":"https:\/\/csym.es\/novaweb\/wp-json\/wp\/v2\/media?parent=16597"}],"curies":[{"name":"wp","href":"https:\/\/api.w.org\/{rel}","templated":true}]}}