{"id":16587,"date":"2018-05-09T14:52:37","date_gmt":"2018-05-09T14:52:37","guid":{"rendered":"https:\/\/csym.es\/?page_id=16587"},"modified":"2019-11-19T11:39:41","modified_gmt":"2019-11-19T11:39:41","slug":"sistemas","status":"publish","type":"page","link":"https:\/\/csym.es\/novaweb\/sistemas\/","title":{"rendered":"Sistemas"},"content":{"rendered":"<div class=\"wpb-content-wrapper\"><p>[vc_row css_animation=&#8221;&#8221; row_type=&#8221;row&#8221; use_row_as_full_screen_section=&#8221;no&#8221; type=&#8221;grid&#8221; angled_section=&#8221;no&#8221; text_align=&#8221;right&#8221; background_image_as_pattern=&#8221;without_pattern&#8221; z_index=&#8221;&#8221;][vc_column][vc_empty_space height=&#8221;75&#8243;][vc_column_text]<\/p>\n<h1 style=\"text-align: right;\">SISTEMAS<\/h1>\n<p>[\/vc_column_text][\/vc_column][\/vc_row][vc_row css_animation=&#8221;&#8221; row_type=&#8221;row&#8221; use_row_as_full_screen_section=&#8221;no&#8221; type=&#8221;grid&#8221; angled_section=&#8221;no&#8221; text_align=&#8221;left&#8221; background_image_as_pattern=&#8221;without_pattern&#8221; background_color=&#8221;#ffffff&#8221; padding_top=&#8221;50&#8243; padding_bottom=&#8221;95&#8243; z_index=&#8221;&#8221; css=&#8221;.vc_custom_1522178235244{margin-bottom: 55px !important;}&#8221;][vc_column width=&#8221;1\/3&#8243;]<div class=\"image_with_text\"><img decoding=\"async\" itemprop=\"image\" src=\"https:\/\/csym.es\/novaweb\/wp-content\/uploads\/2018\/06\/farmatic-2.jpg\" alt=\"Farmatic Windows\" \/><h3  class=\"image_with_text_title\">Farmatic Windows<\/h3><span style=\"margin: 6px 0px;\" class=\"separator transparent\"><\/span><\/p>\n<p style=\"text-align: justify;\">La soluci\u00f3n m\u00e1s completa para la gesti\u00f3n de la oficina de farmacia. Farmatic Windows ayuda al farmac\u00e9utico a gestionar las ventas dando un servicio profesional a sus clientes.<\/p>\n<p><\/div>[vc_empty_space height=&#8221;12px&#8221;]<a  itemprop=\"url\" href=\"https:\/\/csym.es\/es\/farmatic-windows\/\" target=\"_self\"  class=\"qbutton  medium right default\" style=\"\">VER M\u00c1S<\/a>[vc_empty_space][vc_separator type=&#8221;normal&#8221; color=&#8221;#cecece&#8221;][vc_empty_space]<div class=\"image_with_text\"><img decoding=\"async\" itemprop=\"image\" src=\"https:\/\/csym.es\/novaweb\/wp-content\/uploads\/2019\/11\/Cocoprice2-2-1.png\" alt=\"Lector de precios\" \/><h3  class=\"image_with_text_title\">Lector de precios<\/h3><span style=\"margin: 6px 0px;\" class=\"separator transparent\"><\/span><\/p>\n<p style=\"text-align: justify;\">Es un esc\u00e1ner que, mediante la lectura del c\u00f3digo de barras del art\u00edculo, permite visualizar la descripci\u00f3n y el precio de los art\u00edculos de venta de la farmacia al momento.<\/p>\n<p><\/div>[vc_empty_space height=&#8221;12px&#8221;]<a  itemprop=\"url\" href=\"https:\/\/csym.es\/es\/lectors-de-precios\/\" target=\"_self\"  class=\"qbutton  medium right default\" style=\"\">VER M\u00c1S<\/a>[\/vc_column][vc_column width=&#8221;1\/3&#8243;]<div class=\"image_with_text\"><img decoding=\"async\" itemprop=\"image\" src=\"https:\/\/csym.es\/novaweb\/wp-content\/uploads\/2018\/04\/CASHFARMA.jpg\" alt=\"Cashfarma\" \/><h3  class=\"image_with_text_title\">Cashfarma<\/h3><span style=\"margin: 6px 0px;\" class=\"separator transparent\"><\/span><\/p>\n<p style=\"text-align: justify;\">Es un caj\u00f3n inteligente totalmente integrado con Farmatic. El caj\u00f3n est\u00e1 compuesto por dos m\u00f3dulos recicladores para el cambio y dos cajetines de seguridad para el efectivo.<\/p>\n<p><\/div>[vc_empty_space height=&#8221;12px&#8221;]<a  itemprop=\"url\" href=\"https:\/\/csym.es\/es\/cash-farma\/\" target=\"_self\"  class=\"qbutton  medium right default\" style=\"\">VER M\u00c1S<\/a>[vc_empty_space][vc_separator type=&#8221;normal&#8221; color=&#8221;#cecece&#8221;][vc_empty_space]<div class=\"image_with_text\"><img decoding=\"async\" itemprop=\"image\" src=\"https:\/\/csym.es\/novaweb\/wp-content\/uploads\/2018\/04\/SEGURETAT-DADES.jpg\" alt=\"Seguridad de datos\" \/><h3  class=\"image_with_text_title\">Seguridad de datos<\/h3><span style=\"margin: 6px 0px;\" class=\"separator transparent\"><\/span><\/p>\n<p style=\"text-align: justify;\">El servicio de backup integral es un sistema de copias de seguridad integral de documentos y bases de datos en dispositivo NAS, dise\u00f1ado para prever la p\u00e9rdida de datos.<\/p>\n<p><\/div>[vc_empty_space height=&#8221;12px&#8221;]<a  itemprop=\"url\" href=\"https:\/\/csym.es\/es\/sitemas-de-seguridad-de-datos\/\" target=\"_self\"  class=\"qbutton  medium right default\" style=\"\">VER M\u00c1S<\/a>[\/vc_column][vc_column width=&#8221;1\/3&#8243;]<div class=\"image_with_text\"><img decoding=\"async\" itemprop=\"image\" src=\"https:\/\/csym.es\/novaweb\/wp-content\/uploads\/2019\/01\/coco-store.jpg\" alt=\"Cocostore\" \/><h3  class=\"image_with_text_title\">Cocostore<\/h3><span style=\"margin: 6px 0px;\" class=\"separator transparent\"><\/span><\/p>\n<p style=\"text-align: justify;\">Aplicaci\u00f3n para realizar inventarios, ajustar stocks entre almacenes, modificaci\u00f3n de m\u00ednimos y m\u00e1ximos, fechas de caducidad y hacer listado de hashtags desde el lineal.<\/p>\n<p><\/div>[vc_empty_space height=&#8221;12px&#8221;]<a  itemprop=\"url\" href=\"https:\/\/csym.es\/es\/cocostore\" target=\"_self\"  class=\"qbutton  medium right default\" style=\"\">VER M\u00c1S<\/a>[vc_empty_space][vc_separator type=&#8221;normal&#8221; color=&#8221;#cecece&#8221;][vc_empty_space]<div class=\"image_with_text\"><img decoding=\"async\" itemprop=\"image\" src=\"https:\/\/csym.es\/novaweb\/wp-content\/uploads\/2018\/04\/VIDEOVIGILA\u0300NCIA.jpg\" alt=\"Videovigilancia\" \/><h3  class=\"image_with_text_title\">Videovigilancia<\/h3><span style=\"margin: 6px 0px;\" class=\"separator transparent\"><\/span><\/p>\n<p style=\"text-align: justify;\">Son sistemas de grabaci\u00f3n de c\u00e1maras en alta calidad y en circuito cerrado que, conectados a un grabador, permiten la filmaci\u00f3n y control de sucesos a la farmacia.<\/p>\n<p><\/div>[vc_empty_space height=&#8221;12px&#8221;]<a  itemprop=\"url\" href=\"https:\/\/csym.es\/es\/sistemes-de-videovigilancia\/\" target=\"_self\"  class=\"qbutton  medium right default\" style=\"\">VER M\u00c1S<\/a>[\/vc_column][\/vc_row]<\/p>\n<\/div>","protected":false},"excerpt":{"rendered":"<p>[vc_row css_animation=&#8221;&#8221; row_type=&#8221;row&#8221; use_row_as_full_screen_section=&#8221;no&#8221; type=&#8221;grid&#8221; angled_section=&#8221;no&#8221; text_align=&#8221;right&#8221; background_image_as_pattern=&#8221;without_pattern&#8221; z_index=&#8221;&#8221;][vc_column][vc_empty_space height=&#8221;75&#8243;][vc_column_text] SISTEMAS [\/vc_column_text][\/vc_column][\/vc_row][vc_row css_animation=&#8221;&#8221; row_type=&#8221;row&#8221; use_row_as_full_screen_section=&#8221;no&#8221; type=&#8221;grid&#8221; angled_section=&#8221;no&#8221; text_align=&#8221;left&#8221; background_image_as_pattern=&#8221;without_pattern&#8221; background_color=&#8221;#ffffff&#8221; padding_top=&#8221;50&#8243; padding_bottom=&#8221;95&#8243; z_index=&#8221;&#8221; css=&#8221;.vc_custom_1522178235244{margin-bottom: 55px !important;}&#8221;][vc_column width=&#8221;1\/3&#8243;][vc_empty_space height=&#8221;12px&#8221;][vc_empty_space][vc_separator type=&#8221;normal&#8221; color=&#8221;#cecece&#8221;][vc_empty_space][vc_empty_space height=&#8221;12px&#8221;][\/vc_column][vc_column width=&#8221;1\/3&#8243;][vc_empty_space height=&#8221;12px&#8221;][vc_empty_space][vc_separator type=&#8221;normal&#8221; color=&#8221;#cecece&#8221;][vc_empty_space][vc_empty_space height=&#8221;12px&#8221;][\/vc_column][vc_column width=&#8221;1\/3&#8243;][vc_empty_space height=&#8221;12px&#8221;][vc_empty_space][vc_separator type=&#8221;normal&#8221; color=&#8221;#cecece&#8221;][vc_empty_space][vc_empty_space height=&#8221;12px&#8221;][\/vc_column][\/vc_row]<\/p>\n","protected":false},"author":4,"featured_media":0,"parent":0,"menu_order":0,"comment_status":"closed","ping_status":"closed","template":"full_width.php","meta":{"content-type":"","_exactmetrics_skip_tracking":false,"_exactmetrics_sitenote_active":false,"_exactmetrics_sitenote_note":"","_exactmetrics_sitenote_category":0,"_uf_show_specific_survey":0,"_uf_disable_surveys":false,"footnotes":"","_links_to":"","_links_to_target":""},"aioseo_notices":[],"yoast_head":"<!-- This site is optimized with the Yoast SEO plugin v24.5 - https:\/\/yoast.com\/wordpress\/plugins\/seo\/ -->\n<title>Sistemas - CS&amp;M Farmatic<\/title>\n<meta name=\"description\" content=\"Bateria de servicios de la categoria sistemas de CS&amp;M Farmatic. Aqu\u00ed encontr\u00e1s soluciones tan \u00fatiles como Farmatic Windows, Cashfarma, Cocostore, etc.\" \/>\n<meta name=\"robots\" content=\"index, follow, max-snippet:-1, max-image-preview:large, max-video-preview:-1\" \/>\n<link rel=\"canonical\" href=\"https:\/\/csym.es\/novaweb\/sistemas\/\" \/>\n<meta property=\"og:locale\" content=\"ca_ES\" \/>\n<meta property=\"og:type\" content=\"article\" \/>\n<meta property=\"og:title\" content=\"Sistemas - CS&amp;M Farmatic\" \/>\n<meta property=\"og:description\" content=\"Bateria de servicios de la categoria sistemas de CS&amp;M Farmatic. Aqu\u00ed encontr\u00e1s soluciones tan \u00fatiles como Farmatic Windows, Cashfarma, Cocostore, etc.\" \/>\n<meta property=\"og:url\" content=\"https:\/\/csym.es\/novaweb\/sistemas\/\" \/>\n<meta property=\"og:site_name\" content=\"CS&amp;M Farmatic\" \/>\n<meta property=\"article:modified_time\" content=\"2019-11-19T11:39:41+00:00\" \/>\n<meta name=\"twitter:card\" content=\"summary_large_image\" \/>\n<meta name=\"twitter:label1\" content=\"Temps estimat de lectura\" \/>\n\t<meta name=\"twitter:data1\" content=\"3 minuts\" \/>\n<script type=\"application\/ld+json\" class=\"yoast-schema-graph\">{\"@context\":\"https:\/\/schema.org\",\"@graph\":[{\"@type\":\"WebPage\",\"@id\":\"https:\/\/csym.es\/novaweb\/sistemas\/\",\"url\":\"https:\/\/csym.es\/novaweb\/sistemas\/\",\"name\":\"Sistemas - CS&amp;M Farmatic\",\"isPartOf\":{\"@id\":\"https:\/\/csym.es\/novaweb\/#website\"},\"datePublished\":\"2018-05-09T14:52:37+00:00\",\"dateModified\":\"2019-11-19T11:39:41+00:00\",\"description\":\"Bateria de servicios de la categoria sistemas de CS&M Farmatic. Aqu\u00ed encontr\u00e1s soluciones tan \u00fatiles como Farmatic Windows, Cashfarma, Cocostore, etc.\",\"breadcrumb\":{\"@id\":\"https:\/\/csym.es\/novaweb\/sistemas\/#breadcrumb\"},\"inLanguage\":\"ca\",\"potentialAction\":[{\"@type\":\"ReadAction\",\"target\":[\"https:\/\/csym.es\/novaweb\/sistemas\/\"]}]},{\"@type\":\"BreadcrumbList\",\"@id\":\"https:\/\/csym.es\/novaweb\/sistemas\/#breadcrumb\",\"itemListElement\":[{\"@type\":\"ListItem\",\"position\":1,\"name\":\"Portada\",\"item\":\"https:\/\/csym.es\/novaweb\/\"},{\"@type\":\"ListItem\",\"position\":2,\"name\":\"Sistemas\"}]},{\"@type\":\"WebSite\",\"@id\":\"https:\/\/csym.es\/novaweb\/#website\",\"url\":\"https:\/\/csym.es\/novaweb\/\",\"name\":\"CS&amp;M Farmatic\",\"description\":\"Farmatic - CS&amp;M\",\"potentialAction\":[{\"@type\":\"SearchAction\",\"target\":{\"@type\":\"EntryPoint\",\"urlTemplate\":\"https:\/\/csym.es\/novaweb\/?s={search_term_string}\"},\"query-input\":{\"@type\":\"PropertyValueSpecification\",\"valueRequired\":true,\"valueName\":\"search_term_string\"}}],\"inLanguage\":\"ca\"}]}<\/script>\n<!-- \/ Yoast SEO plugin. -->","yoast_head_json":{"title":"Sistemas - CS&amp;M Farmatic","description":"Bateria de servicios de la categoria sistemas de CS&M Farmatic. Aqu\u00ed encontr\u00e1s soluciones tan \u00fatiles como Farmatic Windows, Cashfarma, Cocostore, etc.","robots":{"index":"index","follow":"follow","max-snippet":"max-snippet:-1","max-image-preview":"max-image-preview:large","max-video-preview":"max-video-preview:-1"},"canonical":"https:\/\/csym.es\/novaweb\/sistemas\/","og_locale":"ca_ES","og_type":"article","og_title":"Sistemas - CS&amp;M Farmatic","og_description":"Bateria de servicios de la categoria sistemas de CS&M Farmatic. Aqu\u00ed encontr\u00e1s soluciones tan \u00fatiles como Farmatic Windows, Cashfarma, Cocostore, etc.","og_url":"https:\/\/csym.es\/novaweb\/sistemas\/","og_site_name":"CS&amp;M Farmatic","article_modified_time":"2019-11-19T11:39:41+00:00","twitter_card":"summary_large_image","twitter_misc":{"Temps estimat de lectura":"3 minuts"},"schema":{"@context":"https:\/\/schema.org","@graph":[{"@type":"WebPage","@id":"https:\/\/csym.es\/novaweb\/sistemas\/","url":"https:\/\/csym.es\/novaweb\/sistemas\/","name":"Sistemas - CS&amp;M Farmatic","isPartOf":{"@id":"https:\/\/csym.es\/novaweb\/#website"},"datePublished":"2018-05-09T14:52:37+00:00","dateModified":"2019-11-19T11:39:41+00:00","description":"Bateria de servicios de la categoria sistemas de CS&M Farmatic. Aqu\u00ed encontr\u00e1s soluciones tan \u00fatiles como Farmatic Windows, Cashfarma, Cocostore, etc.","breadcrumb":{"@id":"https:\/\/csym.es\/novaweb\/sistemas\/#breadcrumb"},"inLanguage":"ca","potentialAction":[{"@type":"ReadAction","target":["https:\/\/csym.es\/novaweb\/sistemas\/"]}]},{"@type":"BreadcrumbList","@id":"https:\/\/csym.es\/novaweb\/sistemas\/#breadcrumb","itemListElement":[{"@type":"ListItem","position":1,"name":"Portada","item":"https:\/\/csym.es\/novaweb\/"},{"@type":"ListItem","position":2,"name":"Sistemas"}]},{"@type":"WebSite","@id":"https:\/\/csym.es\/novaweb\/#website","url":"https:\/\/csym.es\/novaweb\/","name":"CS&amp;M Farmatic","description":"Farmatic - CS&amp;M","potentialAction":[{"@type":"SearchAction","target":{"@type":"EntryPoint","urlTemplate":"https:\/\/csym.es\/novaweb\/?s={search_term_string}"},"query-input":{"@type":"PropertyValueSpecification","valueRequired":true,"valueName":"search_term_string"}}],"inLanguage":"ca"}]}},"_links":{"self":[{"href":"https:\/\/csym.es\/novaweb\/wp-json\/wp\/v2\/pages\/16587"}],"collection":[{"href":"https:\/\/csym.es\/novaweb\/wp-json\/wp\/v2\/pages"}],"about":[{"href":"https:\/\/csym.es\/novaweb\/wp-json\/wp\/v2\/types\/page"}],"author":[{"embeddable":true,"href":"https:\/\/csym.es\/novaweb\/wp-json\/wp\/v2\/users\/4"}],"replies":[{"embeddable":true,"href":"https:\/\/csym.es\/novaweb\/wp-json\/wp\/v2\/comments?post=16587"}],"version-history":[{"count":13,"href":"https:\/\/csym.es\/novaweb\/wp-json\/wp\/v2\/pages\/16587\/revisions"}],"predecessor-version":[{"id":17590,"href":"https:\/\/csym.es\/novaweb\/wp-json\/wp\/v2\/pages\/16587\/revisions\/17590"}],"wp:attachment":[{"href":"https:\/\/csym.es\/novaweb\/wp-json\/wp\/v2\/media?parent=16587"}],"curies":[{"name":"wp","href":"https:\/\/api.w.org\/{rel}","templated":true}]}}