{"id":16320,"date":"2018-03-27T19:15:57","date_gmt":"2018-03-27T19:15:57","guid":{"rendered":"http:\/\/csym.es\/novaweb\/?page_id=16320"},"modified":"2023-07-31T13:43:02","modified_gmt":"2023-07-31T13:43:02","slug":"consulting-csym","status":"publish","type":"page","link":"https:\/\/csym.es\/novaweb\/consulting-csym\/","title":{"rendered":"Consulting"},"content":{"rendered":"<div class=\"wpb-content-wrapper\"><p>[vc_row css_animation=&#8221;&#8221; row_type=&#8221;row&#8221; use_row_as_full_screen_section=&#8221;no&#8221; type=&#8221;grid&#8221; angled_section=&#8221;no&#8221; text_align=&#8221;right&#8221; background_image_as_pattern=&#8221;without_pattern&#8221; z_index=&#8221;&#8221;][vc_column][vc_empty_space height=&#8221;75&#8243;][vc_column_text]<\/p>\n<h1 style=\"text-align: right;\">CONSULTING<\/h1>\n<p>[\/vc_column_text][\/vc_column][\/vc_row][vc_row css_animation=&#8221;&#8221; row_type=&#8221;row&#8221; use_row_as_full_screen_section=&#8221;no&#8221; type=&#8221;grid&#8221; angled_section=&#8221;no&#8221; text_align=&#8221;left&#8221; background_image_as_pattern=&#8221;without_pattern&#8221; background_color=&#8221;#ffffff&#8221; padding_top=&#8221;50&#8243; padding_bottom=&#8221;95&#8243; z_index=&#8221;&#8221; css=&#8221;.vc_custom_1522178235244{margin-bottom: 55px !important;}&#8221;][vc_column width=&#8221;1\/3&#8243;]<div class=\"image_with_text\"><img decoding=\"async\" itemprop=\"image\" src=\"https:\/\/csym.es\/novaweb\/wp-content\/uploads\/2021\/10\/analytics.jpg\" alt=\"Clickfarma Analytics\" \/><h3  class=\"image_with_text_title\">Clickfarma Analytics<\/h3><span style=\"margin: 6px 0px;\" class=\"separator transparent\"><\/span><\/p>\n<p style=\"text-align: justify;\">Clickfarma Analytics \u00e9s una eina que analitza la teva base de dades de Farmatic i la teva farm\u00e0cia per poder detectar punts de millora.\u201cT&#8217;ajuda d&#8217;una manera senzilla, f\u00e0cil i objectiva a con\u00e8ixer la teva farm\u00e0cia 360\u00ba\u201d.<\/p>\n<p><\/div>[vc_empty_space height=&#8221;12px&#8221;]<a  itemprop=\"url\" href=\"clickfarmanalytics\/\" target=\"_self\"  class=\"qbutton  medium right default\" style=\"\">veure m\u00e9s<\/a>[vc_empty_space][vc_separator type=&#8221;normal&#8221; color=&#8221;#cecece&#8221;][vc_empty_space]<div class=\"image_with_text\"><img decoding=\"async\" itemprop=\"image\" src=\"https:\/\/csym.es\/novaweb\/wp-content\/uploads\/2018\/04\/ADA.jpg\" alt=\"Informe ADA\" \/><h3  class=\"image_with_text_title\">Informe ADA<\/h3><span style=\"margin: 6px 0px;\" class=\"separator transparent\"><\/span><\/p>\n<p style=\"text-align: justify;\">ADA \u00e9s un software d\u2019Adquisici\u00f3 de Dades Autom\u00e0tiques desenvolupat que extreu un informe exhaustiu trimestral.<\/p>\n<p><\/div>[vc_empty_space height=&#8221;12px&#8221;]<a  itemprop=\"url\" href=\"informe-ada\/\" target=\"_self\"  class=\"qbutton  medium right default\" style=\"\">veure m\u00e9s<\/a>[\/vc_column][vc_column width=&#8221;1\/3&#8243;]<div class=\"image_with_text\"><img decoding=\"async\" itemprop=\"image\" src=\"https:\/\/csym.es\/novaweb\/wp-content\/uploads\/2018\/04\/GAS.jpg\" alt=\"Clickfarma GAS\" \/><h3  class=\"image_with_text_title\">Clickfarma GAS<\/h3><span style=\"margin: 6px 0px;\" class=\"separator transparent\"><\/span><\/p>\n<p style=\"text-align: justify;\">Clickfarma GAS \u00e9s un software de Gesti\u00f3 Autom\u00e0tica d\u2019Estocs desenvolupat per CS&amp;M Farmatic amb l\u2019objectiu d\u2019optimitzar els estocs m\u00ednims i m\u00e0xims de la farm\u00e0cia.<\/p>\n<p><\/div>[vc_empty_space height=&#8221;38px&#8221;]<a  itemprop=\"url\" href=\"clickfarma-gas\/\" target=\"_self\"  class=\"qbutton  medium right default\" style=\"\">veure m\u00e9s<\/a>[vc_empty_space][vc_separator type=&#8221;normal&#8221; color=&#8221;#cecece&#8221;][vc_empty_space]<div class=\"image_with_text\"><img decoding=\"async\" itemprop=\"image\" src=\"https:\/\/csym.es\/novaweb\/wp-content\/uploads\/2018\/04\/VISOR-DE-PREUS.jpg\" alt=\"Visor de preus\" \/><h3  class=\"image_with_text_title\">Visor de preus<\/h3><span style=\"margin: 6px 0px;\" class=\"separator transparent\"><\/span><\/p>\n<p style=\"text-align: justify;\">\u00c9s un aplicatiu desenvolupat per CS&amp;M Farmatic amb l\u2019objectiu d\u2019orientar a la farm\u00e0cia en els PVP dels productes de parafarm\u00e0cia.<\/p>\n<p><\/div>[vc_empty_space height=&#8221;12px&#8221;]<a  itemprop=\"url\" href=\"visor-preus\/\" target=\"_self\"  class=\"qbutton  medium right default\" style=\"\">veure m\u00e9s<\/a>[\/vc_column][vc_column width=&#8221;1\/3&#8243;]<div class=\"image_with_text\"><img decoding=\"async\" itemprop=\"image\" src=\"https:\/\/csym.es\/novaweb\/wp-content\/uploads\/2018\/04\/APP.jpg\" alt=\"Clickfarma APP\" \/><h3  class=\"image_with_text_title\">Clickfarma APP<\/h3><span style=\"margin: 6px 0px;\" class=\"separator transparent\"><\/span><\/p>\n<p style=\"text-align: justify;\">\u00c9s una aplicaci\u00f3 integrada amb el software de Farmatic Windows que permet visualitzar des del tel\u00e8fon m\u00f2bil les vendes de la farm\u00e0cia en temps real.<\/p>\n<p><\/div>[vc_empty_space height=&#8221;38px&#8221;]<a  itemprop=\"url\" href=\"clickfarma-app\/\" target=\"_self\"  class=\"qbutton  medium right default\" style=\"\">veure m\u00e9s<\/a>[vc_empty_space][vc_separator type=&#8221;normal&#8221; color=&#8221;#cecece&#8221;][\/vc_column][\/vc_row]<\/p>\n<\/div>","protected":false},"excerpt":{"rendered":"<p>[vc_row css_animation=&#8221;&#8221; row_type=&#8221;row&#8221; use_row_as_full_screen_section=&#8221;no&#8221; type=&#8221;grid&#8221; angled_section=&#8221;no&#8221; text_align=&#8221;right&#8221; background_image_as_pattern=&#8221;without_pattern&#8221; z_index=&#8221;&#8221;][vc_column][vc_empty_space height=&#8221;75&#8243;][vc_column_text] CONSULTING [\/vc_column_text][\/vc_column][\/vc_row][vc_row css_animation=&#8221;&#8221; row_type=&#8221;row&#8221; use_row_as_full_screen_section=&#8221;no&#8221; type=&#8221;grid&#8221; angled_section=&#8221;no&#8221; text_align=&#8221;left&#8221; background_image_as_pattern=&#8221;without_pattern&#8221; background_color=&#8221;#ffffff&#8221; padding_top=&#8221;50&#8243; padding_bottom=&#8221;95&#8243; z_index=&#8221;&#8221; css=&#8221;.vc_custom_1522178235244{margin-bottom: 55px !important;}&#8221;][vc_column width=&#8221;1\/3&#8243;][vc_empty_space height=&#8221;12px&#8221;][vc_empty_space][vc_separator type=&#8221;normal&#8221; color=&#8221;#cecece&#8221;][vc_empty_space][vc_empty_space height=&#8221;12px&#8221;][\/vc_column][vc_column width=&#8221;1\/3&#8243;][vc_empty_space height=&#8221;38px&#8221;][vc_empty_space][vc_separator type=&#8221;normal&#8221; color=&#8221;#cecece&#8221;][vc_empty_space][vc_empty_space height=&#8221;12px&#8221;][\/vc_column][vc_column width=&#8221;1\/3&#8243;][vc_empty_space height=&#8221;38px&#8221;][vc_empty_space][vc_separator type=&#8221;normal&#8221; color=&#8221;#cecece&#8221;][\/vc_column][\/vc_row]<\/p>\n","protected":false},"author":4,"featured_media":0,"parent":0,"menu_order":0,"comment_status":"closed","ping_status":"closed","template":"full_width.php","meta":{"content-type":"","_exactmetrics_skip_tracking":false,"_exactmetrics_sitenote_active":false,"_exactmetrics_sitenote_note":"","_exactmetrics_sitenote_category":0,"_uf_show_specific_survey":0,"_uf_disable_surveys":false,"footnotes":"","_links_to":"","_links_to_target":""},"aioseo_notices":[],"yoast_head":"<!-- This site is optimized with the Yoast SEO plugin v24.5 - https:\/\/yoast.com\/wordpress\/plugins\/seo\/ -->\n<title>Consulting - CS&amp;M Farmatic<\/title>\n<meta name=\"robots\" content=\"index, follow, max-snippet:-1, max-image-preview:large, max-video-preview:-1\" \/>\n<link rel=\"canonical\" href=\"https:\/\/csym.es\/novaweb\/consulting-csym\/\" \/>\n<meta property=\"og:locale\" content=\"ca_ES\" \/>\n<meta property=\"og:type\" content=\"article\" \/>\n<meta property=\"og:title\" content=\"Consulting - CS&amp;M Farmatic\" \/>\n<meta property=\"og:description\" content=\"[vc_row css_animation=&#8221;&#8221; row_type=&#8221;row&#8221; use_row_as_full_screen_section=&#8221;no&#8221; type=&#8221;grid&#8221; angled_section=&#8221;no&#8221; text_align=&#8221;right&#8221; background_image_as_pattern=&#8221;without_pattern&#8221; z_index=&#8221;&#8221;][vc_column][vc_empty_space height=&#8221;75&#8243;][vc_column_text] CONSULTING [\/vc_column_text][\/vc_column][\/vc_row][vc_row css_animation=&#8221;&#8221; row_type=&#8221;row&#8221; use_row_as_full_screen_section=&#8221;no&#8221; type=&#8221;grid&#8221; angled_section=&#8221;no&#8221; text_align=&#8221;left&#8221; background_image_as_pattern=&#8221;without_pattern&#8221; background_color=&#8221;#ffffff&#8221; padding_top=&#8221;50&#8243; padding_bottom=&#8221;95&#8243; z_index=&#8221;&#8221; css=&#8221;.vc_custom_1522178235244{margin-bottom: 55px !important;}&#8221;][vc_column width=&#8221;1\/3&#8243;][vc_empty_space height=&#8221;12px&#8221;][vc_empty_space][vc_separator type=&#8221;normal&#8221; color=&#8221;#cecece&#8221;][vc_empty_space][vc_empty_space height=&#8221;12px&#8221;][\/vc_column][vc_column width=&#8221;1\/3&#8243;][vc_empty_space height=&#8221;38px&#8221;][vc_empty_space][vc_separator type=&#8221;normal&#8221; color=&#8221;#cecece&#8221;][vc_empty_space][vc_empty_space height=&#8221;12px&#8221;][\/vc_column][vc_column width=&#8221;1\/3&#8243;][vc_empty_space height=&#8221;38px&#8221;][vc_empty_space][vc_separator type=&#8221;normal&#8221; color=&#8221;#cecece&#8221;][\/vc_column][\/vc_row]\" \/>\n<meta property=\"og:url\" content=\"https:\/\/csym.es\/novaweb\/consulting-csym\/\" \/>\n<meta property=\"og:site_name\" content=\"CS&amp;M Farmatic\" \/>\n<meta property=\"article:modified_time\" content=\"2023-07-31T13:43:02+00:00\" \/>\n<meta name=\"twitter:card\" content=\"summary_large_image\" \/>\n<meta name=\"twitter:label1\" content=\"Temps estimat de lectura\" \/>\n\t<meta name=\"twitter:data1\" content=\"2 minuts\" \/>\n<script type=\"application\/ld+json\" class=\"yoast-schema-graph\">{\"@context\":\"https:\/\/schema.org\",\"@graph\":[{\"@type\":\"WebPage\",\"@id\":\"https:\/\/csym.es\/novaweb\/consulting-csym\/\",\"url\":\"https:\/\/csym.es\/novaweb\/consulting-csym\/\",\"name\":\"Consulting - CS&amp;M Farmatic\",\"isPartOf\":{\"@id\":\"https:\/\/csym.es\/novaweb\/#website\"},\"datePublished\":\"2018-03-27T19:15:57+00:00\",\"dateModified\":\"2023-07-31T13:43:02+00:00\",\"breadcrumb\":{\"@id\":\"https:\/\/csym.es\/novaweb\/consulting-csym\/#breadcrumb\"},\"inLanguage\":\"ca\",\"potentialAction\":[{\"@type\":\"ReadAction\",\"target\":[\"https:\/\/csym.es\/novaweb\/consulting-csym\/\"]}]},{\"@type\":\"BreadcrumbList\",\"@id\":\"https:\/\/csym.es\/novaweb\/consulting-csym\/#breadcrumb\",\"itemListElement\":[{\"@type\":\"ListItem\",\"position\":1,\"name\":\"Portada\",\"item\":\"https:\/\/csym.es\/novaweb\/\"},{\"@type\":\"ListItem\",\"position\":2,\"name\":\"Consulting\"}]},{\"@type\":\"WebSite\",\"@id\":\"https:\/\/csym.es\/novaweb\/#website\",\"url\":\"https:\/\/csym.es\/novaweb\/\",\"name\":\"CS&amp;M Farmatic\",\"description\":\"Farmatic - CS&amp;M\",\"potentialAction\":[{\"@type\":\"SearchAction\",\"target\":{\"@type\":\"EntryPoint\",\"urlTemplate\":\"https:\/\/csym.es\/novaweb\/?s={search_term_string}\"},\"query-input\":{\"@type\":\"PropertyValueSpecification\",\"valueRequired\":true,\"valueName\":\"search_term_string\"}}],\"inLanguage\":\"ca\"}]}<\/script>\n<!-- \/ Yoast SEO plugin. -->","yoast_head_json":{"title":"Consulting - CS&amp;M Farmatic","robots":{"index":"index","follow":"follow","max-snippet":"max-snippet:-1","max-image-preview":"max-image-preview:large","max-video-preview":"max-video-preview:-1"},"canonical":"https:\/\/csym.es\/novaweb\/consulting-csym\/","og_locale":"ca_ES","og_type":"article","og_title":"Consulting - CS&amp;M Farmatic","og_description":"[vc_row css_animation=&#8221;&#8221; row_type=&#8221;row&#8221; use_row_as_full_screen_section=&#8221;no&#8221; type=&#8221;grid&#8221; angled_section=&#8221;no&#8221; text_align=&#8221;right&#8221; background_image_as_pattern=&#8221;without_pattern&#8221; z_index=&#8221;&#8221;][vc_column][vc_empty_space height=&#8221;75&#8243;][vc_column_text] CONSULTING [\/vc_column_text][\/vc_column][\/vc_row][vc_row css_animation=&#8221;&#8221; row_type=&#8221;row&#8221; use_row_as_full_screen_section=&#8221;no&#8221; type=&#8221;grid&#8221; angled_section=&#8221;no&#8221; text_align=&#8221;left&#8221; background_image_as_pattern=&#8221;without_pattern&#8221; background_color=&#8221;#ffffff&#8221; padding_top=&#8221;50&#8243; padding_bottom=&#8221;95&#8243; z_index=&#8221;&#8221; css=&#8221;.vc_custom_1522178235244{margin-bottom: 55px !important;}&#8221;][vc_column width=&#8221;1\/3&#8243;][vc_empty_space height=&#8221;12px&#8221;][vc_empty_space][vc_separator type=&#8221;normal&#8221; color=&#8221;#cecece&#8221;][vc_empty_space][vc_empty_space height=&#8221;12px&#8221;][\/vc_column][vc_column width=&#8221;1\/3&#8243;][vc_empty_space height=&#8221;38px&#8221;][vc_empty_space][vc_separator type=&#8221;normal&#8221; color=&#8221;#cecece&#8221;][vc_empty_space][vc_empty_space height=&#8221;12px&#8221;][\/vc_column][vc_column width=&#8221;1\/3&#8243;][vc_empty_space height=&#8221;38px&#8221;][vc_empty_space][vc_separator type=&#8221;normal&#8221; color=&#8221;#cecece&#8221;][\/vc_column][\/vc_row]","og_url":"https:\/\/csym.es\/novaweb\/consulting-csym\/","og_site_name":"CS&amp;M Farmatic","article_modified_time":"2023-07-31T13:43:02+00:00","twitter_card":"summary_large_image","twitter_misc":{"Temps estimat de lectura":"2 minuts"},"schema":{"@context":"https:\/\/schema.org","@graph":[{"@type":"WebPage","@id":"https:\/\/csym.es\/novaweb\/consulting-csym\/","url":"https:\/\/csym.es\/novaweb\/consulting-csym\/","name":"Consulting - CS&amp;M Farmatic","isPartOf":{"@id":"https:\/\/csym.es\/novaweb\/#website"},"datePublished":"2018-03-27T19:15:57+00:00","dateModified":"2023-07-31T13:43:02+00:00","breadcrumb":{"@id":"https:\/\/csym.es\/novaweb\/consulting-csym\/#breadcrumb"},"inLanguage":"ca","potentialAction":[{"@type":"ReadAction","target":["https:\/\/csym.es\/novaweb\/consulting-csym\/"]}]},{"@type":"BreadcrumbList","@id":"https:\/\/csym.es\/novaweb\/consulting-csym\/#breadcrumb","itemListElement":[{"@type":"ListItem","position":1,"name":"Portada","item":"https:\/\/csym.es\/novaweb\/"},{"@type":"ListItem","position":2,"name":"Consulting"}]},{"@type":"WebSite","@id":"https:\/\/csym.es\/novaweb\/#website","url":"https:\/\/csym.es\/novaweb\/","name":"CS&amp;M Farmatic","description":"Farmatic - CS&amp;M","potentialAction":[{"@type":"SearchAction","target":{"@type":"EntryPoint","urlTemplate":"https:\/\/csym.es\/novaweb\/?s={search_term_string}"},"query-input":{"@type":"PropertyValueSpecification","valueRequired":true,"valueName":"search_term_string"}}],"inLanguage":"ca"}]}},"_links":{"self":[{"href":"https:\/\/csym.es\/novaweb\/wp-json\/wp\/v2\/pages\/16320"}],"collection":[{"href":"https:\/\/csym.es\/novaweb\/wp-json\/wp\/v2\/pages"}],"about":[{"href":"https:\/\/csym.es\/novaweb\/wp-json\/wp\/v2\/types\/page"}],"author":[{"embeddable":true,"href":"https:\/\/csym.es\/novaweb\/wp-json\/wp\/v2\/users\/4"}],"replies":[{"embeddable":true,"href":"https:\/\/csym.es\/novaweb\/wp-json\/wp\/v2\/comments?post=16320"}],"version-history":[{"count":23,"href":"https:\/\/csym.es\/novaweb\/wp-json\/wp\/v2\/pages\/16320\/revisions"}],"predecessor-version":[{"id":21349,"href":"https:\/\/csym.es\/novaweb\/wp-json\/wp\/v2\/pages\/16320\/revisions\/21349"}],"wp:attachment":[{"href":"https:\/\/csym.es\/novaweb\/wp-json\/wp\/v2\/media?parent=16320"}],"curies":[{"name":"wp","href":"https:\/\/api.w.org\/{rel}","templated":true}]}}