{"id":16136,"date":"2018-03-25T21:52:48","date_gmt":"2018-03-25T21:52:48","guid":{"rendered":"https:\/\/www.webxpro.es\/demo2\/?page_id=16136"},"modified":"2018-03-28T08:04:42","modified_gmt":"2018-03-28T08:04:42","slug":"privacidad","status":"publish","type":"page","link":"https:\/\/csym.es\/novaweb\/privacidad\/","title":{"rendered":"Politica de privacidad"},"content":{"rendered":"<div class=\"wpb-content-wrapper\"><p>[vc_row css_animation=&#8221;&#8221; row_type=&#8221;row&#8221; use_row_as_full_screen_section=&#8221;no&#8221; type=&#8221;full_width&#8221; angled_section=&#8221;no&#8221; text_align=&#8221;left&#8221; background_image_as_pattern=&#8221;without_pattern&#8221;][vc_column][vc_column_text]<\/p>\n<h1>POLITICA DE PRIVACIDAD<\/h1>\n<p>[\/vc_column_text][vc_empty_space height=&#8221;45&#8243;][vc_column_text]<strong>1. INFORMACI\u00d3N AL USUARIO<\/strong><\/p>\n<p>Control de Sistemas y Microinform\u00e1tica, S.L., en adelante RESPONSABLE, es el Responsable del\u00a0tratamiento de los datos personales del Usuario y le informa que estos datos ser\u00e1n tratados de\u00a0conformidad con lo dispuesto en las normativas vigentes en protecci\u00f3n de datos personales, el\u00a0Reglamento (UE) 2016\/679 de 27 de abril de 2016 (GDPR) relativo a la protecci\u00f3n de las personas\u00a0f\u00edsicas en lo que respecta al tratamiento de datos personales y a la libre circulaci\u00f3n de estos datos y la\u00a0Ley Org\u00e1nica (ES) 15\/1999 de 13 de diciembre (LOPD) relativa a la protecci\u00f3n de datos de car\u00e1cter\u00a0personal, por lo que se le facilita la siguiente informaci\u00f3n del tratamiento:<\/p>\n<p><strong>Fin del tratamiento:<\/strong> mantener una relaci\u00f3n comercial con el Usuario. Las operaciones previstas para\u00a0realizar el tratamiento son:<br \/>\n<strong>&gt;<\/strong> Remisi\u00f3n de comunicaciones comerciales publicitarias por email, fax, SMS, MMS,comunidades sociales o cualquier otro medio electr\u00f3nico o f\u00edsico, presente o futuro, que\u00a0posibilite realizar comunicaciones comerciales. Estas comunicaciones ser\u00e1n realizadas por\u00a0el RESPONSABLE y relacionadas sobre sus productos y servicios, o de sus colaboradores o\u00a0proveedores con los que \u00e9ste haya alcanzado alg\u00fan acuerdo de promoci\u00f3n. En este caso, los\u00a0terceros nunca tendr\u00e1n acceso a los datos personales.<br \/>\n<strong>&gt;\u00a0<\/strong>Realizar estudios estad\u00edsticos.<br \/>\n<strong>&gt;\u00a0<\/strong>Tramitar encargos, solicitudes o cualquier tipo de petici\u00f3n que sea realizada por el usuario a\u00a0trav\u00e9s de cualquiera de las formas de contacto que se ponen a su disposici\u00f3n.<br \/>\n<strong>&gt;\u00a0<\/strong>Remitir el bolet\u00edn de noticias de la p\u00e1gina web.<\/p>\n<p><strong>Criterios de conservaci\u00f3n de los datos:<\/strong> se conservar\u00e1n mientras exista un inter\u00e9s mutuo para\u00a0mantener el fin del tratamiento y cuando ya no sea necesario para tal fin, se suprimir\u00e1n con medidas\u00a0de seguridad adecuadas para garantizar la seudonimizaci\u00f3n de los datos o la destrucci\u00f3n total de los<br \/>\nmismos.<br \/>\n<strong>Comunicaci\u00f3n de los datos:<\/strong> No se comunicar\u00e1n los datos a terceros, salvo obligaci\u00f3n legal.<br \/>\n<strong>Derechos que asisten al Usuario:<\/strong><br \/>\n<strong>&gt;\u00a0<\/strong>Derecho a retirar el consentimiento en cualquier momento.<br \/>\n<strong>&gt;\u00a0<\/strong>Derecho de acceso, rectificaci\u00f3n, portabilidad y supresi\u00f3n de sus datos y a la limitaci\u00f3n u\u00a0oposici\u00f3n al su tratamiento.<br \/>\n<strong>&gt;\u00a0<\/strong>Derecho a presentar una reclamaci\u00f3n ante la autoridad de control (agpd.es) si considera que\u00a0el tratamiento no se ajusta a la normativa vigente.<\/p>\n<p><strong>Datos de contacto para ejercer sus derechos:<\/strong><br \/>\nDirecci\u00f3n postal: Control de Sistemas y Microinform\u00e1tica, S.L.. C\/Llan\u00e7\u00e0, 38 08015 Barcelona\u00a0(BARCELONA)<br \/>\nDirecci\u00f3n electr\u00f3nica: csym@csym.es<\/p>\n<p>&nbsp;<\/p>\n<p><strong>2. CAR\u00c1CTER OBLIGATORIO O FACULTATIVO DE LA INFORMACI\u00d3N FACILITADA POR EL\u00a0USUARIO<\/strong><br \/>\nLos Usuarios, mediante la marcaci\u00f3n de las casillas correspondientes y entrada de datos en los\u00a0campos, marcados con un asterisco (*) en el formulario de contacto o presentados en formularios de\u00a0descarga, aceptan expresamente y de forma libre e inequ\u00edvoca, que sus datos son necesarios para\u00a0atender su petici\u00f3n, por parte del prestador, siendo voluntaria la inclusi\u00f3n de datos en los campos<br \/>\nrestantes. El Usuario garantiza que los datos personales facilitados al RESPONSABLE son veraces y\u00a0se hace responsable de comunicar cualquier modificaci\u00f3n de los mismos.<br \/>\nEl RESPONSABLE informa y garantiza expresamente a los usuarios que sus datos personales no\u00a0ser\u00e1n cedidos en ning\u00fan caso a terceros, y que siempre que realizara alg\u00fan tipo de cesi\u00f3n de datos\u00a0personales, se pedir\u00e1 previamente el consentimiento expreso, informado e inequ\u00edvoco por parte los\u00a0Usuarios. Todos los datos solicitados a trav\u00e9s del sitio web son obligatorios, ya que son necesarios\u00a0para la prestaci\u00f3n de un servicio \u00f3ptimo al Usuario. En caso de que no sean facilitados todos los datos,\u00a0no se garantiza que la informaci\u00f3n y servicios facilitados sean completamente ajustados a sus\u00a0necesidades.<\/p>\n<p>&nbsp;<\/p>\n<p><strong>3. MEDIDAS DE SEGURIDAD<\/strong><br \/>\nQue de conformidad con lo dispuesto en las normativas vigentes en protecci\u00f3n de datos personales, el\u00a0RESPONSABLE est\u00e1 cumpliendo con todas las disposiciones de las normativas GDPR y LOPD para el\u00a0tratamiento de los datos personales de su responsabilidad, y manifiestamente con los principios\u00a0descritos en el art\u00edculo 5 del GDPR y en el art\u00edculo 4 de la LOPD, por los cuales son tratados de\u00a0manera l\u00edcita, leal y transparente en relaci\u00f3n con el interesado y adecuados, pertinentes y limitados a\u00a0lo necesario en relaci\u00f3n con los fines para los que son tratados.<br \/>\nEl RESPONSABLE garantiza que ha implementado pol\u00edticas t\u00e9cnicas y organizativas apropiadas para\u00a0aplicar las medidas de seguridad que establecen el GDPR y la LOPD con el fin de proteger los\u00a0derechos y libertades de los Usuarios y les ha comunicado la informaci\u00f3n adecuada para que puedan<br \/>\nejercerlos.<\/p>\n<p>[\/vc_column_text][vc_empty_space height=&#8221;45&#8243;][\/vc_column][\/vc_row]<\/p>\n<\/div>","protected":false},"excerpt":{"rendered":"<p>[vc_row css_animation=&#8221;&#8221; row_type=&#8221;row&#8221; use_row_as_full_screen_section=&#8221;no&#8221; type=&#8221;full_width&#8221; angled_section=&#8221;no&#8221; text_align=&#8221;left&#8221; background_image_as_pattern=&#8221;without_pattern&#8221;][vc_column][vc_column_text] POLITICA DE PRIVACIDAD [\/vc_column_text][vc_empty_space height=&#8221;45&#8243;][vc_column_text]1. INFORMACI\u00d3N AL USUARIO Control de Sistemas y Microinform\u00e1tica, S.L., en adelante RESPONSABLE, es el Responsable del\u00a0tratamiento de los datos personales del Usuario y le informa que estos datos ser\u00e1n tratados de\u00a0conformidad con&#8230;<\/p>\n","protected":false},"author":4,"featured_media":0,"parent":0,"menu_order":0,"comment_status":"open","ping_status":"closed","template":"","meta":{"content-type":"","_exactmetrics_skip_tracking":false,"_exactmetrics_sitenote_active":false,"_exactmetrics_sitenote_note":"","_exactmetrics_sitenote_category":0,"_uf_show_specific_survey":0,"_uf_disable_surveys":false,"footnotes":"","_links_to":"","_links_to_target":""},"aioseo_notices":[],"yoast_head":"<!-- This site is optimized with the Yoast SEO plugin v24.5 - https:\/\/yoast.com\/wordpress\/plugins\/seo\/ -->\n<title>Politica de privacidad - CS&amp;M Farmatic<\/title>\n<meta name=\"robots\" content=\"index, follow, max-snippet:-1, max-image-preview:large, max-video-preview:-1\" \/>\n<link rel=\"canonical\" href=\"https:\/\/csym.es\/novaweb\/privacidad\/\" \/>\n<meta property=\"og:locale\" content=\"ca_ES\" \/>\n<meta property=\"og:type\" content=\"article\" \/>\n<meta property=\"og:title\" content=\"Politica de privacidad - CS&amp;M Farmatic\" \/>\n<meta property=\"og:description\" content=\"[vc_row css_animation=&#8221;&#8221; row_type=&#8221;row&#8221; use_row_as_full_screen_section=&#8221;no&#8221; type=&#8221;full_width&#8221; angled_section=&#8221;no&#8221; text_align=&#8221;left&#8221; background_image_as_pattern=&#8221;without_pattern&#8221;][vc_column][vc_column_text] POLITICA DE PRIVACIDAD [\/vc_column_text][vc_empty_space height=&#8221;45&#8243;][vc_column_text]1. INFORMACI\u00d3N AL USUARIO Control de Sistemas y Microinform\u00e1tica, S.L., en adelante RESPONSABLE, es el Responsable del\u00a0tratamiento de los datos personales del Usuario y le informa que estos datos ser\u00e1n tratados de\u00a0conformidad con...\" \/>\n<meta property=\"og:url\" content=\"https:\/\/csym.es\/novaweb\/privacidad\/\" \/>\n<meta property=\"og:site_name\" content=\"CS&amp;M Farmatic\" \/>\n<meta property=\"article:modified_time\" content=\"2018-03-28T08:04:42+00:00\" \/>\n<meta name=\"twitter:card\" content=\"summary_large_image\" \/>\n<meta name=\"twitter:label1\" content=\"Temps estimat de lectura\" \/>\n\t<meta name=\"twitter:data1\" content=\"4 minuts\" \/>\n<script type=\"application\/ld+json\" class=\"yoast-schema-graph\">{\"@context\":\"https:\/\/schema.org\",\"@graph\":[{\"@type\":\"WebPage\",\"@id\":\"https:\/\/csym.es\/novaweb\/privacidad\/\",\"url\":\"https:\/\/csym.es\/novaweb\/privacidad\/\",\"name\":\"Politica de privacidad - CS&amp;M Farmatic\",\"isPartOf\":{\"@id\":\"https:\/\/csym.es\/novaweb\/#website\"},\"datePublished\":\"2018-03-25T21:52:48+00:00\",\"dateModified\":\"2018-03-28T08:04:42+00:00\",\"breadcrumb\":{\"@id\":\"https:\/\/csym.es\/novaweb\/privacidad\/#breadcrumb\"},\"inLanguage\":\"ca\",\"potentialAction\":[{\"@type\":\"ReadAction\",\"target\":[\"https:\/\/csym.es\/novaweb\/privacidad\/\"]}]},{\"@type\":\"BreadcrumbList\",\"@id\":\"https:\/\/csym.es\/novaweb\/privacidad\/#breadcrumb\",\"itemListElement\":[{\"@type\":\"ListItem\",\"position\":1,\"name\":\"Portada\",\"item\":\"https:\/\/csym.es\/novaweb\/\"},{\"@type\":\"ListItem\",\"position\":2,\"name\":\"Politica de privacidad\"}]},{\"@type\":\"WebSite\",\"@id\":\"https:\/\/csym.es\/novaweb\/#website\",\"url\":\"https:\/\/csym.es\/novaweb\/\",\"name\":\"CS&amp;M Farmatic\",\"description\":\"Farmatic - CS&amp;M\",\"potentialAction\":[{\"@type\":\"SearchAction\",\"target\":{\"@type\":\"EntryPoint\",\"urlTemplate\":\"https:\/\/csym.es\/novaweb\/?s={search_term_string}\"},\"query-input\":{\"@type\":\"PropertyValueSpecification\",\"valueRequired\":true,\"valueName\":\"search_term_string\"}}],\"inLanguage\":\"ca\"}]}<\/script>\n<!-- \/ Yoast SEO plugin. -->","yoast_head_json":{"title":"Politica de privacidad - CS&amp;M Farmatic","robots":{"index":"index","follow":"follow","max-snippet":"max-snippet:-1","max-image-preview":"max-image-preview:large","max-video-preview":"max-video-preview:-1"},"canonical":"https:\/\/csym.es\/novaweb\/privacidad\/","og_locale":"ca_ES","og_type":"article","og_title":"Politica de privacidad - CS&amp;M Farmatic","og_description":"[vc_row css_animation=&#8221;&#8221; row_type=&#8221;row&#8221; use_row_as_full_screen_section=&#8221;no&#8221; type=&#8221;full_width&#8221; angled_section=&#8221;no&#8221; text_align=&#8221;left&#8221; background_image_as_pattern=&#8221;without_pattern&#8221;][vc_column][vc_column_text] POLITICA DE PRIVACIDAD [\/vc_column_text][vc_empty_space height=&#8221;45&#8243;][vc_column_text]1. INFORMACI\u00d3N AL USUARIO Control de Sistemas y Microinform\u00e1tica, S.L., en adelante RESPONSABLE, es el Responsable del\u00a0tratamiento de los datos personales del Usuario y le informa que estos datos ser\u00e1n tratados de\u00a0conformidad con...","og_url":"https:\/\/csym.es\/novaweb\/privacidad\/","og_site_name":"CS&amp;M Farmatic","article_modified_time":"2018-03-28T08:04:42+00:00","twitter_card":"summary_large_image","twitter_misc":{"Temps estimat de lectura":"4 minuts"},"schema":{"@context":"https:\/\/schema.org","@graph":[{"@type":"WebPage","@id":"https:\/\/csym.es\/novaweb\/privacidad\/","url":"https:\/\/csym.es\/novaweb\/privacidad\/","name":"Politica de privacidad - CS&amp;M Farmatic","isPartOf":{"@id":"https:\/\/csym.es\/novaweb\/#website"},"datePublished":"2018-03-25T21:52:48+00:00","dateModified":"2018-03-28T08:04:42+00:00","breadcrumb":{"@id":"https:\/\/csym.es\/novaweb\/privacidad\/#breadcrumb"},"inLanguage":"ca","potentialAction":[{"@type":"ReadAction","target":["https:\/\/csym.es\/novaweb\/privacidad\/"]}]},{"@type":"BreadcrumbList","@id":"https:\/\/csym.es\/novaweb\/privacidad\/#breadcrumb","itemListElement":[{"@type":"ListItem","position":1,"name":"Portada","item":"https:\/\/csym.es\/novaweb\/"},{"@type":"ListItem","position":2,"name":"Politica de privacidad"}]},{"@type":"WebSite","@id":"https:\/\/csym.es\/novaweb\/#website","url":"https:\/\/csym.es\/novaweb\/","name":"CS&amp;M Farmatic","description":"Farmatic - CS&amp;M","potentialAction":[{"@type":"SearchAction","target":{"@type":"EntryPoint","urlTemplate":"https:\/\/csym.es\/novaweb\/?s={search_term_string}"},"query-input":{"@type":"PropertyValueSpecification","valueRequired":true,"valueName":"search_term_string"}}],"inLanguage":"ca"}]}},"_links":{"self":[{"href":"https:\/\/csym.es\/novaweb\/wp-json\/wp\/v2\/pages\/16136"}],"collection":[{"href":"https:\/\/csym.es\/novaweb\/wp-json\/wp\/v2\/pages"}],"about":[{"href":"https:\/\/csym.es\/novaweb\/wp-json\/wp\/v2\/types\/page"}],"author":[{"embeddable":true,"href":"https:\/\/csym.es\/novaweb\/wp-json\/wp\/v2\/users\/4"}],"replies":[{"embeddable":true,"href":"https:\/\/csym.es\/novaweb\/wp-json\/wp\/v2\/comments?post=16136"}],"version-history":[{"count":1,"href":"https:\/\/csym.es\/novaweb\/wp-json\/wp\/v2\/pages\/16136\/revisions"}],"predecessor-version":[{"id":16390,"href":"https:\/\/csym.es\/novaweb\/wp-json\/wp\/v2\/pages\/16136\/revisions\/16390"}],"wp:attachment":[{"href":"https:\/\/csym.es\/novaweb\/wp-json\/wp\/v2\/media?parent=16136"}],"curies":[{"name":"wp","href":"https:\/\/api.w.org\/{rel}","templated":true}]}}