{"id":15806,"date":"2018-03-23T17:34:32","date_gmt":"2018-03-23T17:34:32","guid":{"rendered":"https:\/\/www.webxpro.es\/demo2\/?page_id=15806"},"modified":"2021-06-08T12:50:09","modified_gmt":"2021-06-08T12:50:09","slug":"visor-preus","status":"publish","type":"page","link":"https:\/\/csym.es\/novaweb\/visor-preus\/","title":{"rendered":"Visor de Preus"},"content":{"rendered":"<div class=\"wpb-content-wrapper\"><p>[vc_row css_animation=&#8221;&#8221; row_type=&#8221;row&#8221; use_row_as_full_screen_section=&#8221;no&#8221; type=&#8221;grid&#8221; angled_section=&#8221;no&#8221; text_align=&#8221;center&#8221; background_image_as_pattern=&#8221;without_pattern&#8221; z_index=&#8221;&#8221;][vc_column][vc_empty_space height=&#8221;50&#8243;][vc_single_image image=&#8221;16227&#8243; img_size=&#8221;full&#8221; alignment=&#8221;right&#8221; qode_css_animation=&#8221;&#8221;][vc_empty_space height=&#8221;15&#8243;][vc_column_text]<\/p>\n<p style=\"text-align: justify;\"><strong>Visor de preus<\/strong> \u00e9s un aplicatiu desenvolupat per <strong>CS&amp;M Farmatic<\/strong> amb l\u2019objectiu d\u2019<strong>orientar a la farm\u00e0cia en els PVP<\/strong> dels productes de parafarm\u00e0cia.<\/p>\n<p style=\"text-align: left;\">Introdueix el <strong>Codi Nacional<\/strong> de qualsevol producte de parafarm\u00e0cia i et mostrar\u00e0 el preu m\u00ednim, mitj\u00e0 i m\u00e0xim de venda del producte, sobre una mostra de m\u00e9s de 1.000 farm\u00e0cies.<\/p>\n<p>[\/vc_column_text][vc_empty_space height=&#8221;35&#8243;]<a  itemprop=\"url\" href=\"https:\/\/csym.es\/areaclient\/visor-de-preus\/\" target=\"_blank\" data-hover-color='#ffffff' class=\"qbutton  small center white default\" style=\"\">Veure visor de preus<\/a>[vc_empty_space height=&#8221;75&#8243;][\/vc_column][\/vc_row]<\/p>\n<\/div>","protected":false},"excerpt":{"rendered":"<p>[vc_row css_animation=&#8221;&#8221; row_type=&#8221;row&#8221; use_row_as_full_screen_section=&#8221;no&#8221; type=&#8221;grid&#8221; angled_section=&#8221;no&#8221; text_align=&#8221;center&#8221; background_image_as_pattern=&#8221;without_pattern&#8221; z_index=&#8221;&#8221;][vc_column][vc_empty_space height=&#8221;50&#8243;][vc_single_image image=&#8221;16227&#8243; img_size=&#8221;full&#8221; alignment=&#8221;right&#8221; qode_css_animation=&#8221;&#8221;][vc_empty_space height=&#8221;15&#8243;][vc_column_text] Visor de preus \u00e9s un aplicatiu desenvolupat per CS&amp;M Farmatic amb l\u2019objectiu d\u2019orientar a la farm\u00e0cia en els PVP dels productes de parafarm\u00e0cia. Introdueix el Codi Nacional de qualsevol producte&#8230;<\/p>\n","protected":false},"author":4,"featured_media":0,"parent":0,"menu_order":0,"comment_status":"closed","ping_status":"closed","template":"full_width.php","meta":{"content-type":"","_exactmetrics_skip_tracking":false,"_exactmetrics_sitenote_active":false,"_exactmetrics_sitenote_note":"","_exactmetrics_sitenote_category":0,"_uf_show_specific_survey":0,"_uf_disable_surveys":false,"footnotes":"","_links_to":"","_links_to_target":""},"aioseo_notices":[],"yoast_head":"<!-- This site is optimized with the Yoast SEO plugin v24.5 - https:\/\/yoast.com\/wordpress\/plugins\/seo\/ -->\n<title>Visor de Preus - CS&amp;M Farmatic<\/title>\n<meta name=\"robots\" content=\"index, follow, max-snippet:-1, max-image-preview:large, max-video-preview:-1\" \/>\n<link rel=\"canonical\" href=\"https:\/\/csym.es\/novaweb\/visor-preus\/\" \/>\n<meta property=\"og:locale\" content=\"ca_ES\" \/>\n<meta property=\"og:type\" content=\"article\" \/>\n<meta property=\"og:title\" content=\"Visor de Preus - CS&amp;M Farmatic\" \/>\n<meta property=\"og:description\" content=\"[vc_row css_animation=&#8221;&#8221; row_type=&#8221;row&#8221; use_row_as_full_screen_section=&#8221;no&#8221; type=&#8221;grid&#8221; angled_section=&#8221;no&#8221; text_align=&#8221;center&#8221; background_image_as_pattern=&#8221;without_pattern&#8221; z_index=&#8221;&#8221;][vc_column][vc_empty_space height=&#8221;50&#8243;][vc_single_image image=&#8221;16227&#8243; img_size=&#8221;full&#8221; alignment=&#8221;right&#8221; qode_css_animation=&#8221;&#8221;][vc_empty_space height=&#8221;15&#8243;][vc_column_text] Visor de preus \u00e9s un aplicatiu desenvolupat per CS&amp;M Farmatic amb l\u2019objectiu d\u2019orientar a la farm\u00e0cia en els PVP dels productes de parafarm\u00e0cia. Introdueix el Codi Nacional de qualsevol producte...\" \/>\n<meta property=\"og:url\" content=\"https:\/\/csym.es\/novaweb\/visor-preus\/\" \/>\n<meta property=\"og:site_name\" content=\"CS&amp;M Farmatic\" \/>\n<meta property=\"article:modified_time\" content=\"2021-06-08T12:50:09+00:00\" \/>\n<meta name=\"twitter:card\" content=\"summary_large_image\" \/>\n<meta name=\"twitter:label1\" content=\"Temps estimat de lectura\" \/>\n\t<meta name=\"twitter:data1\" content=\"1 minut\" \/>\n<script type=\"application\/ld+json\" class=\"yoast-schema-graph\">{\"@context\":\"https:\/\/schema.org\",\"@graph\":[{\"@type\":\"WebPage\",\"@id\":\"https:\/\/csym.es\/novaweb\/visor-preus\/\",\"url\":\"https:\/\/csym.es\/novaweb\/visor-preus\/\",\"name\":\"Visor de Preus - CS&amp;M Farmatic\",\"isPartOf\":{\"@id\":\"https:\/\/csym.es\/novaweb\/#website\"},\"datePublished\":\"2018-03-23T17:34:32+00:00\",\"dateModified\":\"2021-06-08T12:50:09+00:00\",\"breadcrumb\":{\"@id\":\"https:\/\/csym.es\/novaweb\/visor-preus\/#breadcrumb\"},\"inLanguage\":\"ca\",\"potentialAction\":[{\"@type\":\"ReadAction\",\"target\":[\"https:\/\/csym.es\/novaweb\/visor-preus\/\"]}]},{\"@type\":\"BreadcrumbList\",\"@id\":\"https:\/\/csym.es\/novaweb\/visor-preus\/#breadcrumb\",\"itemListElement\":[{\"@type\":\"ListItem\",\"position\":1,\"name\":\"Portada\",\"item\":\"https:\/\/csym.es\/novaweb\/\"},{\"@type\":\"ListItem\",\"position\":2,\"name\":\"Visor de Preus\"}]},{\"@type\":\"WebSite\",\"@id\":\"https:\/\/csym.es\/novaweb\/#website\",\"url\":\"https:\/\/csym.es\/novaweb\/\",\"name\":\"CS&amp;M Farmatic\",\"description\":\"Farmatic - CS&amp;M\",\"potentialAction\":[{\"@type\":\"SearchAction\",\"target\":{\"@type\":\"EntryPoint\",\"urlTemplate\":\"https:\/\/csym.es\/novaweb\/?s={search_term_string}\"},\"query-input\":{\"@type\":\"PropertyValueSpecification\",\"valueRequired\":true,\"valueName\":\"search_term_string\"}}],\"inLanguage\":\"ca\"}]}<\/script>\n<!-- \/ Yoast SEO plugin. -->","yoast_head_json":{"title":"Visor de Preus - CS&amp;M Farmatic","robots":{"index":"index","follow":"follow","max-snippet":"max-snippet:-1","max-image-preview":"max-image-preview:large","max-video-preview":"max-video-preview:-1"},"canonical":"https:\/\/csym.es\/novaweb\/visor-preus\/","og_locale":"ca_ES","og_type":"article","og_title":"Visor de Preus - CS&amp;M Farmatic","og_description":"[vc_row css_animation=&#8221;&#8221; row_type=&#8221;row&#8221; use_row_as_full_screen_section=&#8221;no&#8221; type=&#8221;grid&#8221; angled_section=&#8221;no&#8221; text_align=&#8221;center&#8221; background_image_as_pattern=&#8221;without_pattern&#8221; z_index=&#8221;&#8221;][vc_column][vc_empty_space height=&#8221;50&#8243;][vc_single_image image=&#8221;16227&#8243; img_size=&#8221;full&#8221; alignment=&#8221;right&#8221; qode_css_animation=&#8221;&#8221;][vc_empty_space height=&#8221;15&#8243;][vc_column_text] Visor de preus \u00e9s un aplicatiu desenvolupat per CS&amp;M Farmatic amb l\u2019objectiu d\u2019orientar a la farm\u00e0cia en els PVP dels productes de parafarm\u00e0cia. Introdueix el Codi Nacional de qualsevol producte...","og_url":"https:\/\/csym.es\/novaweb\/visor-preus\/","og_site_name":"CS&amp;M Farmatic","article_modified_time":"2021-06-08T12:50:09+00:00","twitter_card":"summary_large_image","twitter_misc":{"Temps estimat de lectura":"1 minut"},"schema":{"@context":"https:\/\/schema.org","@graph":[{"@type":"WebPage","@id":"https:\/\/csym.es\/novaweb\/visor-preus\/","url":"https:\/\/csym.es\/novaweb\/visor-preus\/","name":"Visor de Preus - CS&amp;M Farmatic","isPartOf":{"@id":"https:\/\/csym.es\/novaweb\/#website"},"datePublished":"2018-03-23T17:34:32+00:00","dateModified":"2021-06-08T12:50:09+00:00","breadcrumb":{"@id":"https:\/\/csym.es\/novaweb\/visor-preus\/#breadcrumb"},"inLanguage":"ca","potentialAction":[{"@type":"ReadAction","target":["https:\/\/csym.es\/novaweb\/visor-preus\/"]}]},{"@type":"BreadcrumbList","@id":"https:\/\/csym.es\/novaweb\/visor-preus\/#breadcrumb","itemListElement":[{"@type":"ListItem","position":1,"name":"Portada","item":"https:\/\/csym.es\/novaweb\/"},{"@type":"ListItem","position":2,"name":"Visor de Preus"}]},{"@type":"WebSite","@id":"https:\/\/csym.es\/novaweb\/#website","url":"https:\/\/csym.es\/novaweb\/","name":"CS&amp;M Farmatic","description":"Farmatic - CS&amp;M","potentialAction":[{"@type":"SearchAction","target":{"@type":"EntryPoint","urlTemplate":"https:\/\/csym.es\/novaweb\/?s={search_term_string}"},"query-input":{"@type":"PropertyValueSpecification","valueRequired":true,"valueName":"search_term_string"}}],"inLanguage":"ca"}]}},"_links":{"self":[{"href":"https:\/\/csym.es\/novaweb\/wp-json\/wp\/v2\/pages\/15806"}],"collection":[{"href":"https:\/\/csym.es\/novaweb\/wp-json\/wp\/v2\/pages"}],"about":[{"href":"https:\/\/csym.es\/novaweb\/wp-json\/wp\/v2\/types\/page"}],"author":[{"embeddable":true,"href":"https:\/\/csym.es\/novaweb\/wp-json\/wp\/v2\/users\/4"}],"replies":[{"embeddable":true,"href":"https:\/\/csym.es\/novaweb\/wp-json\/wp\/v2\/comments?post=15806"}],"version-history":[{"count":3,"href":"https:\/\/csym.es\/novaweb\/wp-json\/wp\/v2\/pages\/15806\/revisions"}],"predecessor-version":[{"id":16406,"href":"https:\/\/csym.es\/novaweb\/wp-json\/wp\/v2\/pages\/15806\/revisions\/16406"}],"wp:attachment":[{"href":"https:\/\/csym.es\/novaweb\/wp-json\/wp\/v2\/media?parent=15806"}],"curies":[{"name":"wp","href":"https:\/\/api.w.org\/{rel}","templated":true}]}}